{"id":1113,"date":"2016-06-27T09:01:15","date_gmt":"2016-06-27T08:01:15","guid":{"rendered":"http:\/\/chanteur-italien.fr\/?page_id=1113"},"modified":"2016-10-04T23:30:19","modified_gmt":"2016-10-04T22:30:19","slug":"ceremonie-italienne-internationale","status":"publish","type":"page","link":"https:\/\/chanteur-italien.fr\/index.php\/ceremonie-italienne-internationale\/","title":{"rendered":"C\u00e9r\u00e9monie italienne et internationale"},"content":{"rendered":"<h1>C\u00e9r\u00e9monie italienne et internationale<\/h1>\n<p>Chanter \u00e0 l&rsquo;\u00e9glise ou pour une c\u00e9r\u00e9monie la\u00efque est un moments qu&rsquo;on pr\u00e9f\u00e8re.<\/p>\n<p>La musique dans une c\u00e9r\u00e9monie est\u00a0essentielle pour l\u2019entr\u00e9e des mari\u00e9s\u00a0ainsi que pour la signature des registres et l\u2019\u00e9change des alliances. Voila pourquoi on vous\u00a0propose une s\u00e9lection\u00a0qui pourrait bien se marier avec votre c\u00e9r\u00e9monie:<\/p>\n<p>&nbsp;<\/p>\n<p>Voici un exemple de r\u00e9pertoire:<\/p>\n<p>Hallelujah, Amazing grace, Happy days, Happy, Isn&rsquo;t she lovely, L&rsquo;envie d&rsquo;aimer, Smile, If tomorrow never comes, When you say nothing at all, Ave Maria, Con te partiro&rsquo;, Caruso, Una lunga storia d&rsquo;amore, \u00a0Parlami d&rsquo;amore Mari\u00f9, A te, Parla pi\u00f9 piano, Ancora, Mi sono innamorato di te, Rose rosse, Non \u00e9 mai un errore&#8230;<\/p>\n<p>et bien s\u00fbr\u00a0vos chansons \u00a0pr\u00e9f\u00e9r\u00e9es<\/p>\n<style type=\"text\/css\">@import url(https:\/\/fonts.googleapis.com\/css?family=Open+Sans|Oswald);  #wonderpluginaudio-72 { \tbox-sizing: content-box; }  #wonderpluginaudio-72 div { \t-webkit-box-sizing: content-box; \t-moz-box-sizing: content-box; \tbox-sizing: content-box;    }  #wonderpluginaudio-72 .amazingaudioplayer-image { \tdisplay: block; \tposition: relative; \tfloat: left; \tmargin: 4px; \toverflow: hidden; \t-webkit-box-shadow: 0 8px 6px -6px black; \t-moz-box-shadow: 0 8px 6px -6px black; \tbox-shadow: 0 8px 6px -6px black; \t-webkit-border-radius: 4px;     \t-moz-border-radius: 4px;     \tborder-radius: 4px; }  #wonderpluginaudio-72 .amazingaudioplayer-image-clear { }  #wonderpluginaudio-72 .amazingaudioplayer-text { \tdisplay: block; \tposition: relative; \toverflow: hidden; \tpadding: 4px 12px; \theight: 100px; }  #wonderpluginaudio-72 .amazingaudioplayer-text-clear { \tclear: both; \theight: 8px; }  #wonderpluginaudio-72 .amazingaudioplayer-title { \tdisplay: block; \tcolor: #333; \tfont-family: \"Oswald\",Arial,sans-serif; \tfont-size: 20px; \tfont-weight: bold; }  #wonderpluginaudio-72 .amazingaudioplayer-title-clear { }  #wonderpluginaudio-72 .amazingaudioplayer-info { \tdisplay: block; \tdisplay: block; \tcolor: #666; \tfont-family: Arial, sans-serif; \tfont-size: 12px; \tfont-style: italic; }  #wonderpluginaudio-72 .amazingaudioplayer-info-clear { }  #wonderpluginaudio-72 .amazingaudioplayer-bar { \tbackground-color: #333; \tmargin: 4px; \tborder: 1px solid #222; \t-webkit-border-radius: 2px; \t-moz-border-radius: 2px; \tborder-radius: 2px; \t-webkit-box-shadow: inset 0 1px 0 rgba( 255, 255, 255, 0.15 ), 0 0 3px rgba( 0, 0, 0, 0.5 ); \t-moz-box-shadow: inset 0 1px 0 rgba( 255, 255, 255, 0.15 ), 0 0 3px rgba( 0, 0, 0, 0.5 ); \tbox-shadow: inset 0 1px 0 rgba( 255, 255, 255, 0.15 ), 0 0 3px rgba( 0, 0, 0, 0.5 ); \tbackground-image: -ms-linear-gradient(top, #444444 0%, #222222 100%); \tbackground-image: -moz-linear-gradient(top, #444444 0%, #222222 100%); \tbackground-image: -o-linear-gradient(top, #444444 0%, #222222 100%); \tbackground-image: -webkit-gradient(linear, left top, left bottom, color-stop(0, #444444), color-stop(1, #222222)); \tbackground-image: -webkit-linear-gradient(top, #444444 0%, #222222 100%);  \tbackground-image: linear-gradient(to bottom, #444444 0%, #222222 100%); }  #wonderpluginaudio-72 .amazingaudioplayer-bar-buttons-clear { \tclear: both; }  #wonderpluginaudio-72 .amazingaudioplayer-bar-clear { }  #wonderpluginaudio-72 .amazingaudioplayer-bar-title { \tposition: relative; \tfloat: left; \tcolor: #eee; \tfont-family: \"Open Sans\", sans-serif; \tfont-size: 12px; \tline-height: 24px; \tmargin: 0 8px; }  #wonderpluginaudio-72 .amazingaudioplayer-playpause { \tposition: relative; \tfloat: left; }  #wonderpluginaudio-72 .amazingaudioplayer-play { \tposition: relative; }  #wonderpluginaudio-72 .amazingaudioplayer-pause { \tposition: relative; }  #wonderpluginaudio-72 .amazingaudioplayer-stop { \tposition: relative; \tfloat: left; }  #wonderpluginaudio-72 .amazingaudioplayer-prev { \tposition: relative; \tfloat: left; }  #wonderpluginaudio-72 .amazingaudioplayer-next { \tposition: relative; \tfloat: left; }  #wonderpluginaudio-72 .amazingaudioplayer-loop { \tposition: relative; \tfloat: left; \tmargin: 0 2px; }  #wonderpluginaudio-72 .amazingaudioplayer-progress { \tposition: relative; \tbackground-color: #222; \t-webkit-box-shadow: -1px -1px 0 rgba( 0, 0, 0, 0.5 ), 1px 1px 0 rgba( 255, 255, 255, 0.1 ); \t-moz-box-shadow: -1px -1px 0 rgba( 0, 0, 0, 0.5 ), 1px 1px 0 rgba( 255, 255, 255, 0.1 ); \tbox-shadow: -1px -1px 0 rgba( 0, 0, 0, 0.5 ), 1px 1px 0 rgba( 255, 255, 255, 0.1 ); \tmargin: 8px 4px; \t-webkit-border-radius: 4px; \t-moz-border-radius: 4px; \tborder-radius: 4px; }  #wonderpluginaudio-72 .amazingaudioplayer-progress-loaded { \tbackground-color: #444; \t-webkit-border-radius: 4px; \t-moz-border-radius: 4px; \tborder-radius: 4px; }  #wonderpluginaudio-72 .amazingaudioplayer-progress-played { \t-webkit-border-radius: 4px; \t-moz-border-radius: 4px; \tborder-radius: 4px; \tbackground-color: #fcc500; \tbackground-image: -ms-linear-gradient(top, #fede00 0%, #fcc500 100%); \tbackground-image: -moz-linear-gradient(top, #fede00 0%, #fcc500 100%); \tbackground-image: -o-linear-gradient(top, #fede00 0%, #fcc500 100%); \tbackground-image: -webkit-gradient(linear, left top, left bottom, color-stop(0, #fede00), color-stop(1, #fcc500)); \tbackground-image: -webkit-linear-gradient(top, #fede00 0%, #fcc500 100%);  \tbackground-image: linear-gradient(to bottom, #fede00 0%, #fcc500 100%); }  #wonderpluginaudio-72 .amazingaudioplayer-time { \tposition: relative; \tfloat: right; \tcolor: #fff; \tfont-family: \"Open Sans\", sans-serif; \tfont-size: 12px; \ttext-shadow: 1px 1px 0 #000; \tline-height: 24px; \tmargin: 0 4px; }  #wonderpluginaudio-72 .amazingaudioplayer-volume { \tposition: relative; \tfloat: right; }  #wonderpluginaudio-72 .amazingaudioplayer-volume-bar { \tbackground-color: #333; \tborder: 1px solid #222; \t-webkit-border-radius: 4px; \t-moz-border-radius: 4px; \tborder-radius: 4px; \t-webkit-box-shadow: inset 0 1px 0 rgba( 255, 255, 255, 0.15 ), 0 0 3px rgba( 0, 0, 0, 0.5 ); \t-moz-box-shadow: inset 0 1px 0 rgba( 255, 255, 255, 0.15 ), 0 0 3px rgba( 0, 0, 0, 0.5 ); \tbox-shadow: inset 0 1px 0 rgba( 255, 255, 255, 0.15 ), 0 0 3px rgba( 0, 0, 0, 0.5 ); \tbackground-image: -ms-linear-gradient(top, #444444 0%, #111111 100%); \tbackground-image: -moz-linear-gradient(top, #444444 0%, #111111 100%); \tbackground-image: -o-linear-gradient(top, #444444 0%, #111111 100%); \tbackground-image: -webkit-gradient(linear, left top, left bottom, color-stop(0, #444444), color-stop(1, #111111)); \tbackground-image: -webkit-linear-gradient(top, #444444 0%, #111111 100%); \tbackground-image: linear-gradient(to bottom, #444444 0%, #111111 100%); }  #wonderpluginaudio-72 .amazingaudioplayer-volume-bar-adjust { \tbackground-color: #222; \t-webkit-box-shadow: -1px -1px 0 rgba( 0, 0, 0, 0.5 ), 1px 1px 0 rgba( 255, 255, 255, 0.1 ); \t-moz-box-shadow: -1px -1px 0 rgba( 0, 0, 0, 0.5 ), 1px 1px 0 rgba( 255, 255, 255, 0.1 ); \tbox-shadow: -1px -1px 0 rgba( 0, 0, 0, 0.5 ), 1px 1px 0 rgba( 255, 255, 255, 0.1 ); }  #wonderpluginaudio-72 .amazingaudioplayer-volume-bar-adjust-active { \tbackground-color: #fcc500; \t-webkit-box-shadow: inset 0 0 5px rgba( 255, 255, 255, 0.5 ); \t-moz-box-shadow: inset 0 0 5px rgba( 255, 255, 255, 0.5 ); \tbox-shadow: inset 0 0 5px rgba( 255, 255, 255, 0.5 ); }  #wonderpluginaudio-72 .amazingaudioplayer-tracklist { \tdisplay: block; \tposition: relative; }  #wonderpluginaudio-72 .amazingaudioplayer-tracklist-container { \tdisplay: block; \tposition: relative; \tbackground-color: #333; \tborder: 1px solid #222; \t-webkit-border-radius: 2px;     -moz-border-radius: 2px;     border-radius: 2px; \tmargin: 4px; \tpadding: 12px 12px 16px; \t-webkit-box-shadow: inset 0 1px 0 rgba( 255, 255, 255, 0.15 ), 0 0 3px rgba( 0, 0, 0, 0.5 ); \t-moz-box-shadow: inset 0 1px 0 rgba( 255, 255, 255, 0.15 ), 0 0 3px rgba( 0, 0, 0, 0.5 ); \tbox-shadow: inset 0 1px 0 rgba( 255, 255, 255, 0.15 ), 0 0 3px rgba( 0, 0, 0, 0.5 ); \tbackground-image: -ms-linear-gradient(top, #444444 0%, #111111 100%); \tbackground-image: -moz-linear-gradient(top, #444444 0%, #111111 100%); \tbackground-image: -o-linear-gradient(top, #444444 0%, #111111 100%); \tbackground-image: -webkit-gradient(linear, left top, left bottom, color-stop(0, #444444), color-stop(1, #111111)); \tbackground-image: -webkit-linear-gradient(top, #444444 0%, #111111 100%); \tbackground-image: linear-gradient(to bottom, #444444 0%, #111111 100%); }  #wonderpluginaudio-72 .amazingaudioplayer-tracks-wrapper { \tposition: relative; }  #wonderpluginaudio-72 .amazingaudioplayer-tracks { \tposition: relative; \tlist-style-type: none; \tmargin: 0; \tpadding: 0; }  #wonderpluginaudio-72 .amazingaudioplayer-track-item { \tposition: relative; \tcursor: pointer; \tcolor: #999; \tfont-family: \"Open Sans\", Arial, sans-serif; \tfont-size: 12px; \ttext-shadow: 0 1px 1px rgba(0, 0, 0, 0.6); \tline-height: 22px; \tmargin: 0; \tpadding: 0; \ttext-align: left; }  #wonderpluginaudio-72 .amazingaudioplayer-track-item-active { \tcursor: pointer; \tcolor: #fff; }  #wonderpluginaudio-72 .amazingaudioplayer-track-item a { \tcolor: #999;     text-decoration: none; }  #wonderpluginaudio-72 .amazingaudioplayer-track-item-active a { \tcolor: #fff;     text-decoration: none; }  #wonderpluginaudio-72 .amazingaudioplayer-track-item-duration { \tposition: absolute; \ttop: 0; \tright: 0; }  #wonderpluginaudio-72 .amazingaudioplayer-tracklist-arrow-prev { \tposition: absolute; \tbottom: 2px; \tleft: 50%; \tmargin-left: -64px; }  #wonderpluginaudio-72 .amazingaudioplayer-tracklist-arrow-next { \tposition: absolute; \tbottom: 2px; \tleft: 50%; \tmargin-left: 16px; }  #wonderpluginaudio-72 .amazingaudioplayer-tracklist-clear { \tclear: both; }<\/style><div class=\"wonderpluginaudio\" id=\"wonderpluginaudio-72\" data-audioplayerid=\"72\" data-width=\"420\" data-height=\"600\" data-skin=\"bartitle\" data-autoplay=\"false\" data-random=\"false\" data-responsive=\"false\" data-showtracklist=\"false\" data-showprogress=\"true\" data-showprevnext=\"true\" data-showloop=\"true\" data-showloading=\"false\" data-titleinbarscroll=\"true\" data-donotinit=\"false\" data-addinitscript=\"false\" data-loop=\"1\" data-tracklistitem=\"10\" data-titleinbarwidth=\"80\" data-jsfolder=\"https:\/\/chanteur-italien.fr\/wp-content\/plugins\/wonderplugin-audio\/engine\/\" style=\"display:block;position:relative;margin:0 auto;width:420px;height:auto;\"><ul class=\"amazingaudioplayer-audios\" style=\"display:none;\"><li data-artist=\"\" data-title=\"Ave Maria - Amazing grace - You raise me up\" data-album=\"\" data-info=\"\" data-image=\"\" data-duration=\"293\"><div class=\"amazingaudioplayer-source\" data-src=\"http:\/\/chanteur-italien.fr\/wp-content\/uploads\/2016\/06\/Chanteur-eglise-c\u00e9r\u00e9monies-la\u00efques-Lyon-Rh\u00f4ne-Alpes-You-raise-me-up.mp3\" data-type=\"audio\/mpeg\" \/><\/li><\/ul><div class=\"wonderplugin-engine\"><a href=\"http:\/\/www.wonderplugin.com\/wordpress-audio-player\/\" title=\"WordPress Audio Player\">WordPress Audio Player<\/a><\/div><\/div>\n<p>le bon mot cl\u00e9<\/p>\n<h6><span style=\"color: #808080;\">C\u00e9r\u00e9monie italienne et internationale.C\u00e9r\u00e9monie italienne et internationale.C\u00e9r\u00e9monie italienne et internationale.C\u00e9r\u00e9monie italienne et internationale.C\u00e9r\u00e9monie italienne et internationale.C\u00e9r\u00e9monie italienne et internationale.C\u00e9r\u00e9monie italienne et internationale.C\u00e9r\u00e9monie italienne et internationale.C\u00e9r\u00e9monie italienne et internationale.C\u00e9r\u00e9monie italienne et internationale.C\u00e9r\u00e9monie italienne et internationale.C\u00e9r\u00e9monie italienne et internationale.C\u00e9r\u00e9monie italienne et internationale.C\u00e9r\u00e9monie italienne et internationale.C\u00e9r\u00e9monie italienne et internationale.C\u00e9r\u00e9monie italienne et internationale.C\u00e9r\u00e9monie italienne et internationale.C\u00e9r\u00e9monie italienne et internationale.C\u00e9r\u00e9monie italienne et internationale.C\u00e9r\u00e9monie italienne et internationale.C\u00e9r\u00e9monie italienne et internationale.C\u00e9r\u00e9monie italienne et internationale.C\u00e9r\u00e9monie italienne et internationale.C\u00e9r\u00e9monie italienne et internationale<\/span><\/h6>\n","protected":false},"excerpt":{"rendered":"<p>C\u00e9r\u00e9monie italienne et internationale Chanter \u00e0 l&rsquo;\u00e9glise ou pour une c\u00e9r\u00e9monie la\u00efque est un moments qu&rsquo;on pr\u00e9f\u00e8re. La musique dans une c\u00e9r\u00e9monie est\u00a0essentielle pour l\u2019entr\u00e9e des mari\u00e9s\u00a0ainsi que pour la signature des registres et l\u2019\u00e9change des alliances. Voila pourquoi on vous\u00a0propose une s\u00e9lection\u00a0qui pourrait bien se marier avec votre c\u00e9r\u00e9monie:&#8230;<\/p>\n","protected":false},"author":1,"featured_media":0,"parent":0,"menu_order":0,"comment_status":"closed","ping_status":"closed","template":"","meta":{"_monsterinsights_skip_tracking":false,"_monsterinsights_sitenote_active":false,"_monsterinsights_sitenote_note":"","_monsterinsights_sitenote_category":0,"footnotes":""},"_links":{"self":[{"href":"https:\/\/chanteur-italien.fr\/index.php\/wp-json\/wp\/v2\/pages\/1113"}],"collection":[{"href":"https:\/\/chanteur-italien.fr\/index.php\/wp-json\/wp\/v2\/pages"}],"about":[{"href":"https:\/\/chanteur-italien.fr\/index.php\/wp-json\/wp\/v2\/types\/page"}],"author":[{"embeddable":true,"href":"https:\/\/chanteur-italien.fr\/index.php\/wp-json\/wp\/v2\/users\/1"}],"replies":[{"embeddable":true,"href":"https:\/\/chanteur-italien.fr\/index.php\/wp-json\/wp\/v2\/comments?post=1113"}],"version-history":[{"count":29,"href":"https:\/\/chanteur-italien.fr\/index.php\/wp-json\/wp\/v2\/pages\/1113\/revisions"}],"predecessor-version":[{"id":1531,"href":"https:\/\/chanteur-italien.fr\/index.php\/wp-json\/wp\/v2\/pages\/1113\/revisions\/1531"}],"wp:attachment":[{"href":"https:\/\/chanteur-italien.fr\/index.php\/wp-json\/wp\/v2\/media?parent=1113"}],"curies":[{"name":"wp","href":"https:\/\/api.w.org\/{rel}","templated":true}]}}