{"id":1229,"date":"2016-06-29T20:52:37","date_gmt":"2016-06-29T19:52:37","guid":{"rendered":"http:\/\/chanteur-italien.fr\/?page_id=1229"},"modified":"2023-10-25T16:53:51","modified_gmt":"2023-10-25T15:53:51","slug":"concerts","status":"publish","type":"page","link":"https:\/\/chanteur-italien.fr\/index.php\/concerts\/","title":{"rendered":"Concerts"},"content":{"rendered":"<h1>\u00a0<\/h1>\n<p>\u00a0<\/p>\n<h1 style=\"text-align: center;\">Concerts musique italienne<\/h1>\n<h3><span style=\"color: #000000; font-family: Anaheim; font-size: 18pt;\">Vous recherchez des artistes\u00a0pour un concert de musique italienne?<\/span><\/h3>\n<h3><span style=\"color: #000000; font-family: Anaheim; font-size: 18pt;\">On est ravi de vous proposer\u00a0Dom Battaglia <\/span><\/h3>\n<h3><span style=\"color: #000000; font-family: Anaheim; font-size: 18pt;\">( chanteur, clavi\u00e9riste, saxophoniste ) dans la formule solo ou bien en formule Duo\u00a0avec un mandoliniste, guitariste, chanteur, ou encore dans la formule Trio avec un saxophoniste<\/span><\/h3>\n<h3><span style=\"color: #000000; font-family: Anaheim; font-size: 18pt;\">N&rsquo;importe quelle formule vous choisirez, le but est le m\u00eame! Vous faire voyage \u00e0 travers \u00ab\u00a0Il Belpaese \u00a0\u00bb pour vous faire d\u00e9couvrir tant des chansons !<\/span><\/h3>\n<h3><span style=\"color: #000000; font-family: Anaheim;\">On a un large r\u00e9pertoire dans le style, Jazz, Swing, Bossa, Lounge, pop, Slow\u2026<\/span><\/h3>\n<h3>\u00a0<\/h3>\n<h3><span style=\"font-family: Anaheim; font-size: 18pt;\">Nous avons \u00e9galement une formule de concerts que nous proposons exclusivement \u00e0 partir de la formule Trio. Il s&rsquo;agit d&rsquo;un du Groupe Circum Domgi\u00e0.<\/span><\/h3>\n<h3><span style=\"font-family: Anaheim;\">Circum DOMGIA est compos\u00e9 de<\/span><\/h3>\n<h3><span style=\"font-family: Anaheim;\">Domenico Battaglia (Chant, flutes et percussion) <\/span><span style=\"font-family: Anaheim;\">Giacomo Anastasi, (Guitares, mandoline <\/span><span style=\"font-family: Anaheim;\">et chant) <\/span><span style=\"font-family: Anaheim;\">et Gilles Carrion ( basse, percussions <\/span><span style=\"font-family: Anaheim;\">et voix )<\/span><\/h3>\n<h3><span style=\"font-family: Anaheim;\">Circum DOMGIA a une signification tr\u00e8s particuli\u00e8re : Circum du latin <\/span><\/h3>\n<h3><span style=\"font-family: Anaheim;\">\u00ab autour de \u00bb, c\u2019est <\/span><span style=\"font-family: Anaheim;\">l\u2019exploration et la continuation, <\/span><span style=\"font-family: Anaheim;\">de la part du groupe de la chanson traditionnelle du sud <\/span><span style=\"font-family: Anaheim;\">de l\u2019Italie. <\/span><\/h3>\n<h3><span style=\"font-family: Anaheim;\">Presque toutes les r\u00e9gions sont pr\u00e9sent\u00e9es avec leurs tarentelles, villanelles et <\/span><span style=\"font-family: Anaheim;\">chansons populaires.<\/span><\/h3>\n<h3><span style=\"font-family: Anaheim;\">Il faut dire que Giacomo, sicilien, a \u00e9t\u00e9 en Sicile un des guitaristes du groupe de musique <\/span><span style=\"font-family: Anaheim;\">traditionnelle <\/span><\/h3>\n<h3><span style=\"font-family: Anaheim;\">\u00ab il Melograno \u00bb pendant 10 ans, et Domenico, Calabrais, en parall\u00e8le \u00e0 ses <\/span><span style=\"font-family: Anaheim;\">\u00e9tudes au Conservatoire, <\/span><\/h3>\n<h3><span style=\"font-family: Anaheim;\">a presque le m\u00eame parcours que Giacomo. <\/span><\/h3>\n<h3><span style=\"font-family: Anaheim;\">La rencontre des deux <\/span><span style=\"font-family: Anaheim;\">comp\u00e8res a fait naitre ce projet de musique et chants traditionnels du sud de l\u2019Italie, pour <\/span><span style=\"font-family: Anaheim;\">une sorte de vulgarisation et continuation, <\/span><\/h3>\n<h3><span style=\"font-family: Anaheim;\">Le groupe est appel\u00e9 \u00e0 se produire un peu partout en France et ailleurs.<\/span><\/h3>\n<h3><span style=\"font-family: Anaheim;\">Notre formation propose plusieurs th\u00e8mes de concerts.<\/span><br \/><span style=\"font-family: Anaheim;\">Sur la musique sicilienne, sur la musique napolitaine, sur la musique calabraise, sur la musique baroques \u2026<\/span><\/h3>\n<h3><span style=\"font-family: Anaheim;\">A chaque chanson on vous explique la signification et l\u2019histoire de la chanson, pour un but purement culturel. <\/span><\/h3>\n<h3>\u00a0<\/h3>\n<h3>\u00a0<\/h3>\n<h3><strong><span style=\"color: #808000;\">Formule chanteur<\/span><\/strong><\/h3>\n<h4><span style=\"color: #000000;\">Dom Battaglia\u00a0: clavier, chant, saxophone<\/span><\/h4>\n<p>\u00a0<\/p>\n<p><iframe loading=\"lazy\" title=\"Concerto canzoni italiane St Claire du Rhone \/ www.chanteur-italien.fr\" width=\"500\" height=\"281\" src=\"https:\/\/www.youtube.com\/embed\/d5JHBkjv3LA?feature=oembed\" frameborder=\"0\" allow=\"accelerometer; autoplay; clipboard-write; encrypted-media; gyroscope; picture-in-picture; web-share\" referrerpolicy=\"strict-origin-when-cross-origin\" allowfullscreen><\/iframe><\/p>\n<h3>\u00a0<\/h3>\n<p>\u00a0<\/p>\n<h3><strong><span style=\"color: #808000;\">Formule Domgi\u00e0 Duo\u00a0<\/span><\/strong><\/h3>\n<h4><span style=\"color: #000000;\">Dom Battaglia\u00a0: clavier, chant<\/span><\/h4>\n<h4><span style=\"color: #000000;\">Giacomo Anastasi : mandoline, guitare, chant<\/span><\/h4>\n<p>\u00a0<\/p>\n<p><iframe loading=\"lazy\" title=\"Duo italien DomGi\u00e0\" width=\"500\" height=\"375\" src=\"https:\/\/www.youtube.com\/embed\/QeHkPAPbIPU?feature=oembed\" frameborder=\"0\" allow=\"accelerometer; autoplay; clipboard-write; encrypted-media; gyroscope; picture-in-picture; web-share\" referrerpolicy=\"strict-origin-when-cross-origin\" allowfullscreen><\/iframe><\/p>\n<h3>\u00a0<\/h3>\n<h3>\u00a0<\/h3>\n<h3><span style=\"color: #808000;\"><strong>Formule Anema &lsquo; e Core Trio<\/strong><\/span><\/h3>\n<h4><span style=\"color: #000000;\">Nicolas Couturier: saxophone, tambourin<\/span><\/h4>\n<h4><span style=\"color: #000000;\">Dom Battaglia :Clavier, chante<\/span><\/h4>\n<h4><span style=\"color: #000000;\">Giacomo Anastasi : mandoline, guitare, chant<\/span><\/h4>\n<p>\u00a0<\/p>\n<p><iframe loading=\"lazy\" title=\"Anema &#039;e Core Trio  versione Swing\" width=\"500\" height=\"375\" src=\"https:\/\/www.youtube.com\/embed\/-z5LFt9_j7s?feature=oembed\" frameborder=\"0\" allow=\"accelerometer; autoplay; clipboard-write; encrypted-media; gyroscope; picture-in-picture; web-share\" referrerpolicy=\"strict-origin-when-cross-origin\" allowfullscreen><\/iframe><\/p>\n<h4 style=\"text-align: center;\">\u00a0<\/h4>\n<p>\u00a0<\/p>\n<p>\u00a0<\/p>\n<h3><span style=\"color: #808000;\"><strong>Formule Circum Domgi\u00e0<\/strong><\/span><\/h3>\n<h4><span style=\"color: #000000;\">Dom Battaglia :Clavier, chante<\/span><\/h4>\n<h4><span style=\"color: #000000;\">Giacomo Anastasi : mandoline, guitare, chant<\/span><\/h4>\n<h4><span style=\"font-family: Anaheim;\">Gilles Carrion basse, percussions et voix.<\/span><\/h4>\n<div class=\"embed-container\">\u00a0<\/div>\n<div class=\"embed-container\">\n<div>\u00a0<\/div>\n<\/div>\n\n\n<figure class=\"wp-block-embed aligncenter is-type-video is-provider-youtube wp-block-embed-youtube wp-embed-aspect-16-9 wp-has-aspect-ratio\"><div class=\"wp-block-embed__wrapper\">\n<iframe loading=\"lazy\" title=\"Circum Domgia Group\" width=\"500\" height=\"281\" src=\"https:\/\/www.youtube.com\/embed\/A12D6srfzZs?feature=oembed\" frameborder=\"0\" allow=\"accelerometer; autoplay; clipboard-write; encrypted-media; gyroscope; picture-in-picture; web-share\" referrerpolicy=\"strict-origin-when-cross-origin\" allowfullscreen><\/iframe>\n<\/div><\/figure>\n\n\n\n<p><\/p>\n\n\n\n<h3 class=\"wp-block-heading\">Plus de vid\u00e9os ici <\/h3>\n\n\n\n<figure class=\"wp-block-image size-large is-resized\"><a href=\"https:\/\/www.youtube.com\/watch?v=nO-DdJ5CEJI&amp;list=PLygqRdOtO038uWi5fuB7Wol6DXXMqMRQY\"><img loading=\"lazy\" decoding=\"async\" src=\"https:\/\/chanteur-italien.fr\/wp-content\/uploads\/2019\/02\/cropped-foto-dom-per-web-chanteur-italien-1-50x50.jpg\" alt=\"concert italien\" class=\"wp-image-2732\" width=\"73\" height=\"73\" srcset=\"https:\/\/chanteur-italien.fr\/wp-content\/uploads\/2019\/02\/cropped-foto-dom-per-web-chanteur-italien-1-50x50.jpg 50w, https:\/\/chanteur-italien.fr\/wp-content\/uploads\/2019\/02\/cropped-foto-dom-per-web-chanteur-italien-1-130x130.jpg 130w, https:\/\/chanteur-italien.fr\/wp-content\/uploads\/2019\/02\/cropped-foto-dom-per-web-chanteur-italien-1-500x500.jpg 500w, https:\/\/chanteur-italien.fr\/wp-content\/uploads\/2019\/02\/cropped-foto-dom-per-web-chanteur-italien-1-400x400.jpg 400w, https:\/\/chanteur-italien.fr\/wp-content\/uploads\/2019\/02\/cropped-foto-dom-per-web-chanteur-italien-1-300x300.jpg 300w, https:\/\/chanteur-italien.fr\/wp-content\/uploads\/2019\/02\/cropped-foto-dom-per-web-chanteur-italien-1-150x150.jpg 150w, https:\/\/chanteur-italien.fr\/wp-content\/uploads\/2019\/02\/cropped-foto-dom-per-web-chanteur-italien-1-270x270.jpg 270w, https:\/\/chanteur-italien.fr\/wp-content\/uploads\/2019\/02\/cropped-foto-dom-per-web-chanteur-italien-1-192x192.jpg 192w, https:\/\/chanteur-italien.fr\/wp-content\/uploads\/2019\/02\/cropped-foto-dom-per-web-chanteur-italien-1-180x180.jpg 180w, https:\/\/chanteur-italien.fr\/wp-content\/uploads\/2019\/02\/cropped-foto-dom-per-web-chanteur-italien-1-32x32.jpg 32w, https:\/\/chanteur-italien.fr\/wp-content\/uploads\/2019\/02\/cropped-foto-dom-per-web-chanteur-italien-1.jpg 512w\" sizes=\"(max-width: 73px) 100vw, 73px\" \/><\/a><\/figure>\n\n\n\n<p><\/p>\n","protected":false},"excerpt":{"rendered":"<p>\u00a0 \u00a0 Concerts musique italienne Vous recherchez des artistes\u00a0pour un concert de musique italienne? On est ravi de vous proposer\u00a0Dom Battaglia ( chanteur, clavi\u00e9riste, saxophoniste ) dans la formule solo ou bien en formule Duo\u00a0avec un mandoliniste, guitariste, chanteur, ou encore dans la formule Trio avec un saxophoniste N&rsquo;importe quelle&#8230;<\/p>\n","protected":false},"author":1,"featured_media":0,"parent":0,"menu_order":0,"comment_status":"closed","ping_status":"closed","template":"","meta":{"_monsterinsights_skip_tracking":false,"_monsterinsights_sitenote_active":false,"_monsterinsights_sitenote_note":"","_monsterinsights_sitenote_category":0,"footnotes":""},"_links":{"self":[{"href":"https:\/\/chanteur-italien.fr\/index.php\/wp-json\/wp\/v2\/pages\/1229"}],"collection":[{"href":"https:\/\/chanteur-italien.fr\/index.php\/wp-json\/wp\/v2\/pages"}],"about":[{"href":"https:\/\/chanteur-italien.fr\/index.php\/wp-json\/wp\/v2\/types\/page"}],"author":[{"embeddable":true,"href":"https:\/\/chanteur-italien.fr\/index.php\/wp-json\/wp\/v2\/users\/1"}],"replies":[{"embeddable":true,"href":"https:\/\/chanteur-italien.fr\/index.php\/wp-json\/wp\/v2\/comments?post=1229"}],"version-history":[{"count":51,"href":"https:\/\/chanteur-italien.fr\/index.php\/wp-json\/wp\/v2\/pages\/1229\/revisions"}],"predecessor-version":[{"id":3010,"href":"https:\/\/chanteur-italien.fr\/index.php\/wp-json\/wp\/v2\/pages\/1229\/revisions\/3010"}],"wp:attachment":[{"href":"https:\/\/chanteur-italien.fr\/index.php\/wp-json\/wp\/v2\/media?parent=1229"}],"curies":[{"name":"wp","href":"https:\/\/api.w.org\/{rel}","templated":true}]}}