{"id":1448,"date":"2016-10-04T21:30:30","date_gmt":"2016-10-04T20:30:30","guid":{"rendered":"http:\/\/chanteur-italien.fr\/?page_id=1448"},"modified":"2016-10-05T10:50:17","modified_gmt":"2016-10-05T09:50:17","slug":"duo-orchestre-italien-saint-etienne","status":"publish","type":"page","link":"https:\/\/chanteur-italien.fr\/index.php\/duo-orchestre-italien-saint-etienne\/","title":{"rendered":"Duo Orchestre italien Saint Etienne"},"content":{"rendered":"<h1>Duo Orchestre Italien Saint Etienne<\/h1>\n<h4><span style=\"color: #808000;\">Le Duo Domgi\u00e0<\/span> est n\u00e9 de la volont\u00e9 de proposer \u00e0 un public assez large, un r\u00e9pertoire originale et de qualit\u00e9.<\/h4>\n<h4 style=\"font-weight: inherit;\">L&rsquo;envie de diffuser la\u00a0bonne\u00a0musique italienne a r\u00e9uni deux musiciens de la r\u00e9gion lyonnaise, Dom Battaglia et Giacomo Anastasi, tout deux originaires du Sud de l&rsquo;Italie, pour faire des programmes divers et vari\u00e9s pour concerts et soir\u00e9es priv\u00e9es. Tous les ingr\u00e9dients pour un bon concert, une belle soir\u00e9e italienne, sont r\u00e9unis!<\/h4>\n<h4>A commencer par \u00a0l&rsquo;accent des musiciens!<\/h4>\n<h4>Et oui ce sont des musiciens qui se sont enti\u00e8rement form\u00e9s en Italie! Dom Battaglia Dipl\u00f4m\u00e9 du conservatoire de musique Stanislao Giacomantonio de Cosenza, et Giacomo Anastasi qui s&rsquo;est form\u00e9 au sein de plusieurs groupes populaires de Sicile.<\/h4>\n<h4 style=\"font-weight: inherit;\">Un m\u00e9lange de voix, de timbres et de cultures. Dom avec sa voix de t\u00e9nor claire e vibrante vous fera voyager avec les plus grands aires napolitaines et les Slow italiens! Giacomo \u00e0 la voix plus grave est la typique voix de cantautore italiano.<\/h4>\n<h4 style=\"font-weight: inherit;\">L&rsquo;un pianiste, chanteur, saxophoniste,\u00a0l&rsquo;autre guitariste, mandoliniste, chanteur!<\/h4>\n<h4 style=\"font-weight: inherit;\">Le m\u00e9lange des deux voix est un cocktail explosif!<\/h4>\n<h4 style=\"font-weight: inherit;\">Notre r\u00e9pertoire ne se limite seulement aux chansons connus en France, tel que L&rsquo;italiano, Volare, Ti Amo, Eros Ramazzotti\u2026<\/h4>\n<h4>Notre but est de proposer un large panel de musique pour chaque \u00e9v\u00e9nement public ou priv\u00e9!<\/h4>\n<h4>Nous proposons des concerts dans des salles de spectacles, pour des festivals, Pour les saisons culturelles. Nous proposons Egalement des prestations pour de soir\u00e9es priv\u00e9es, telle que mariages, anniversaires, bapt\u00eames, soir\u00e9es d&rsquo;entreprises.<\/h4>\n<h4><\/h4>\n<h3 style=\"text-align: center;\"><\/h3>\n<h3 style=\"text-align: center;\"><span style=\"color: #808000;\">NOS PROPOSITIONS<\/span><\/h3>\n<h4>Concert de musique traditionnelle du Sud de l\u2019Italie (chansons napolitaines, Calabraises, Siciliennes, des Pouilles\u2026)<\/h4>\n<h4><\/h4>\n<h4>Pour les \u00e9v\u00e9nements priv\u00e9s\u00a0:<\/h4>\n<h4><span style=\"color: #808000;\">Animation de cocktail<\/span> (Swing, Jazz italien)<\/h4>\n<h4><span style=\"color: #808000;\">Animation de soir\u00e9e<\/span><\/h4>\n<h4>&#8211;<span style=\"color: #808000;\">Tour de tables \u00e0 la voix et \u00e0 la mandoline ( Oh Sole mio, L&rsquo;italiano, Bambino, Con te partiro&rsquo;&#8230;)<\/span><\/h4>\n<h4>&#8211;<span style=\"color: #808000;\">Animation pendant le repas sur des musiques d\u2019ambiance<\/span> ( Musique de piano bar \u00e0 l&rsquo;italienne )<\/h4>\n<h4>&#8211;<span style=\"color: #808000;\">Animation dansante<\/span><\/h4>\n<h4>Tarentelles, S\u00e9r\u00e9nades, Cha cha cha, madison, Rock, Twist, Ann\u00e9es 80, Dance, Rumba, Calypso, Rumba napolitaine, Slow, Foxtrot, Samba, Salsa, Swing-rock\u2026<\/h4>\n<h4>Cette formule pourrait bien s\u2019int\u00e9grer au sein d\u2019une soir\u00e9e avec dj.<\/h4>\n<h4>Soit c\u2019est vous qui vous chargerez de trouver un dj et nous on calera nos interventions en accord avec le dj et la personne responsable de la soir\u00e9e. Soit vous nous faite totale confiance et c\u2019est nous qui vous proposons un dj.<\/h4>\n<p><a href=\"http:\/\/chanteur-italien.fr\/wp-content\/uploads\/2016\/08\/DSC_8839-e1473332077915.jpg\"><img loading=\"lazy\" decoding=\"async\" class=\"aligncenter wp-image-1367 size-full\" src=\"http:\/\/chanteur-italien.fr\/wp-content\/uploads\/2016\/08\/DSC_8839-e1473332077915.jpg\" alt=\"Duo Orchestre italien Saint Etienne\" width=\"700\" height=\"849\" \/><\/a><a href=\"http:\/\/chanteur-italien.fr\/wp-content\/uploads\/2016\/10\/Giacomo-Anastasi-mandoline-2015-photo-de-Serge-Odin-e1475607687376.jpg\"><img loading=\"lazy\" decoding=\"async\" class=\"aligncenter wp-image-1398 size-full\" src=\"http:\/\/chanteur-italien.fr\/wp-content\/uploads\/2016\/10\/Giacomo-Anastasi-mandoline-2015-photo-de-Serge-Odin-e1475607687376.jpg\" alt=\"Duo Orchestre italien Saint Etienne\" width=\"700\" height=\"708\" \/><\/a><\/p>\n<h5>Voici le bon mot cl\u00e9<\/h5>\n<p><span style=\"color: #808080;\">Duo Orchestre italien Saint Etienne.Duo Orchestre italien Saint Etienne.Duo Orchestre italien Saint Etienne.Duo Orchestre italien Saint Etienne.Duo Orchestre italien Saint Etienne.Duo Orchestre italien Saint Etienne.Duo Orchestre italien Saint Etienne.Duo Orchestre italien Saint Etienne.Duo Orchestre italien Saint Etienne.Duo Orchestre italien Saint Etienne.Duo Orchestre italien Saint Etienne.Duo Orchestre italien Saint Etienne.Duo Orchestre italien Saint Etienne.Duo Orchestre italien Saint Etienne.Duo Orchestre italien Saint Etienne.Duo Orchestre italien Saint Etienne.Duo Orchestre italien Saint Etienne.Duo Orchestre italien Saint Etienne.Duo Orchestre italien Saint Etienne.Duo Orchestre italien Saint Etienne.Duo Orchestre italien Saint Etienne.Duo Orchestre italien Saint Etienne.<\/span><\/p>\n<h5><\/h5>\n","protected":false},"excerpt":{"rendered":"<p>Duo Orchestre Italien Saint Etienne Le Duo Domgi\u00e0 est n\u00e9 de la volont\u00e9 de proposer \u00e0 un public assez large, un r\u00e9pertoire originale et de qualit\u00e9. L&rsquo;envie de diffuser la\u00a0bonne\u00a0musique italienne a r\u00e9uni deux musiciens de la r\u00e9gion lyonnaise, Dom Battaglia et Giacomo Anastasi, tout deux originaires du Sud de&#8230;<\/p>\n","protected":false},"author":1,"featured_media":0,"parent":0,"menu_order":0,"comment_status":"closed","ping_status":"closed","template":"","meta":{"_monsterinsights_skip_tracking":false,"_monsterinsights_sitenote_active":false,"_monsterinsights_sitenote_note":"","_monsterinsights_sitenote_category":0,"footnotes":""},"_links":{"self":[{"href":"https:\/\/chanteur-italien.fr\/index.php\/wp-json\/wp\/v2\/pages\/1448"}],"collection":[{"href":"https:\/\/chanteur-italien.fr\/index.php\/wp-json\/wp\/v2\/pages"}],"about":[{"href":"https:\/\/chanteur-italien.fr\/index.php\/wp-json\/wp\/v2\/types\/page"}],"author":[{"embeddable":true,"href":"https:\/\/chanteur-italien.fr\/index.php\/wp-json\/wp\/v2\/users\/1"}],"replies":[{"embeddable":true,"href":"https:\/\/chanteur-italien.fr\/index.php\/wp-json\/wp\/v2\/comments?post=1448"}],"version-history":[{"count":5,"href":"https:\/\/chanteur-italien.fr\/index.php\/wp-json\/wp\/v2\/pages\/1448\/revisions"}],"predecessor-version":[{"id":1578,"href":"https:\/\/chanteur-italien.fr\/index.php\/wp-json\/wp\/v2\/pages\/1448\/revisions\/1578"}],"wp:attachment":[{"href":"https:\/\/chanteur-italien.fr\/index.php\/wp-json\/wp\/v2\/media?parent=1448"}],"curies":[{"name":"wp","href":"https:\/\/api.w.org\/{rel}","templated":true}]}}