{"id":1695,"date":"2016-11-24T22:28:37","date_gmt":"2016-11-24T21:28:37","guid":{"rendered":"http:\/\/chanteur-italien.fr\/?page_id=1695"},"modified":"2019-02-17T12:51:35","modified_gmt":"2019-02-17T11:51:35","slug":"soiree-resto","status":"publish","type":"page","link":"https:\/\/chanteur-italien.fr\/index.php\/soiree-resto\/","title":{"rendered":"Soir\u00e9e resto"},"content":{"rendered":"<h1>Soir\u00e9e resto<\/h1>\n<h4 style=\"text-align: justify;\"><span style=\"color: #000000;\">La grande passion pour la musique de notre pays, nous a amen\u00e9s \u00e0 faire ce site internet<\/span><\/h4>\n<h4 style=\"text-align: justify;\"><span style=\"color: #000000;\">pour pouvoir vous proposer une palette tr\u00e8s large de musique.<\/span><\/h4>\n<h4 style=\"text-align: justify;\"><span style=\"color: #000000;\">De la musique traditionnelle, \u00e0 la musique napolitaine; des ballades \u00e0 la musique pop,<\/span><\/h4>\n<h4 style=\"text-align: justify;\"><span style=\"color: #000000;\">du swing \u00e0 la musique de piano bar.<\/span><\/h4>\n<h4 style=\"text-align: justify;\"><span style=\"color: #000000;\">Pour chaque lieu on vous proposera une prestation \u00e0 la carte!<\/span><\/h4>\n<h4 style=\"text-align: justify;\"><span style=\"color: #000000;\">Certains restaurateurs souhaitent avoir de la musique de fond, juste pour accompagner le repas.<\/span><\/h4>\n<h4 style=\"text-align: justify;\"><span style=\"color: #000000;\">Certaines d&rsquo;autres souhaitent faire chanter les clients.<\/span><\/h4>\n<h4 style=\"text-align: justify;\"><span style=\"color: #000000;\">Et d&rsquo;autres encore \u00a0souhaiteraient que les musiciens fassent danser les clients<\/span><\/h4>\n<h4 style=\"text-align: justify;\"><span style=\"color: #000000;\">Tout cela nous savons le faire!<\/span><\/h4>\n<h4 style=\"text-align: justify;\"><span style=\"color: #000000;\">Il suffit juste de nous contacter et de nous faire confiance!<\/span><\/h4>\n<p>&nbsp;<\/p>\n<p>&nbsp;<\/p>\n<div class=\"cue-playlist-container\">\n<div class=\"cue-playlist cue-theme-default\" itemscope itemtype=\"http:\/\/schema.org\/MusicPlaylist\">\n\t\n\t<meta itemprop=\"numTracks\" content=\"9\" \/>\n\n\t<audio src=\"http:\/\/chanteur-italien.fr\/wp-content\/uploads\/2016\/11\/Litaliano.mp3\" controls preload=\"none\" class=\"cue-audio\" style=\"width: 100%; height: auto\"><\/audio>\n\n\t<ol class=\"cue-tracks\">\n\t\t\t\t\t<li class=\"cue-track\" itemprop=\"track\" itemscope itemtype=\"http:\/\/schema.org\/MusicRecording\">\n\t\t\t\t\n\t\t\t\t<span class=\"cue-track-details cue-track-cell\">\n\t\t\t\t\t<span class=\"cue-track-title\" itemprop=\"name\">l'italiano<\/span>\n\t\t\t\t\t<span class=\"cue-track-artist\" itemprop=\"byArtist\"><\/span>\n\t\t\t\t<\/span>\n\n\t\t\t\t\n\t\t\t\t<span class=\"cue-track-length cue-track-cell\">1:42<\/span>\n\n\t\t\t\t\t\t\t<\/li>\n\t\t\t\t\t<li class=\"cue-track\" itemprop=\"track\" itemscope itemtype=\"http:\/\/schema.org\/MusicRecording\">\n\t\t\t\t\n\t\t\t\t<span class=\"cue-track-details cue-track-cell\">\n\t\t\t\t\t<span class=\"cue-track-title\" itemprop=\"name\">Tu vuo fa l' americano<\/span>\n\t\t\t\t\t<span class=\"cue-track-artist\" itemprop=\"byArtist\"><\/span>\n\t\t\t\t<\/span>\n\n\t\t\t\t\n\t\t\t\t<span class=\"cue-track-length cue-track-cell\">1:27<\/span>\n\n\t\t\t\t\t\t\t<\/li>\n\t\t\t\t\t<li class=\"cue-track\" itemprop=\"track\" itemscope itemtype=\"http:\/\/schema.org\/MusicRecording\">\n\t\t\t\t\n\t\t\t\t<span class=\"cue-track-details cue-track-cell\">\n\t\t\t\t\t<span class=\"cue-track-title\" itemprop=\"name\">Volare<\/span>\n\t\t\t\t\t<span class=\"cue-track-artist\" itemprop=\"byArtist\"><\/span>\n\t\t\t\t<\/span>\n\n\t\t\t\t\n\t\t\t\t<span class=\"cue-track-length cue-track-cell\">1:08<\/span>\n\n\t\t\t\t\t\t\t<\/li>\n\t\t\t\t\t<li class=\"cue-track\" itemprop=\"track\" itemscope itemtype=\"http:\/\/schema.org\/MusicRecording\">\n\t\t\t\t\n\t\t\t\t<span class=\"cue-track-details cue-track-cell\">\n\t\t\t\t\t<span class=\"cue-track-title\" itemprop=\"name\">Medley La solitudine \/ E penso a te<\/span>\n\t\t\t\t\t<span class=\"cue-track-artist\" itemprop=\"byArtist\"><\/span>\n\t\t\t\t<\/span>\n\n\t\t\t\t\n\t\t\t\t<span class=\"cue-track-length cue-track-cell\">2:45<\/span>\n\n\t\t\t\t\t\t\t<\/li>\n\t\t\t\t\t<li class=\"cue-track\" itemprop=\"track\" itemscope itemtype=\"http:\/\/schema.org\/MusicRecording\">\n\t\t\t\t\n\t\t\t\t<span class=\"cue-track-details cue-track-cell\">\n\t\t\t\t\t<span class=\"cue-track-title\" itemprop=\"name\">Brividi<\/span>\n\t\t\t\t\t<span class=\"cue-track-artist\" itemprop=\"byArtist\"><\/span>\n\t\t\t\t<\/span>\n\n\t\t\t\t\n\t\t\t\t<span class=\"cue-track-length cue-track-cell\">1:48<\/span>\n\n\t\t\t\t\t\t\t<\/li>\n\t\t\t\t\t<li class=\"cue-track\" itemprop=\"track\" itemscope itemtype=\"http:\/\/schema.org\/MusicRecording\">\n\t\t\t\t\n\t\t\t\t<span class=\"cue-track-details cue-track-cell\">\n\t\t\t\t\t<span class=\"cue-track-title\" itemprop=\"name\">Quando quando quando<\/span>\n\t\t\t\t\t<span class=\"cue-track-artist\" itemprop=\"byArtist\"><\/span>\n\t\t\t\t<\/span>\n\n\t\t\t\t\n\t\t\t\t<span class=\"cue-track-length cue-track-cell\">1:20<\/span>\n\n\t\t\t\t\t\t\t<\/li>\n\t\t\t\t\t<li class=\"cue-track\" itemprop=\"track\" itemscope itemtype=\"http:\/\/schema.org\/MusicRecording\">\n\t\t\t\t\n\t\t\t\t<span class=\"cue-track-details cue-track-cell\">\n\t\t\t\t\t<span class=\"cue-track-title\" itemprop=\"name\">Medley Italian Swing<\/span>\n\t\t\t\t\t<span class=\"cue-track-artist\" itemprop=\"byArtist\"><\/span>\n\t\t\t\t<\/span>\n\n\t\t\t\t\n\t\t\t\t<span class=\"cue-track-length cue-track-cell\">3:00<\/span>\n\n\t\t\t\t\t\t\t<\/li>\n\t\t\t\t\t<li class=\"cue-track\" itemprop=\"track\" itemscope itemtype=\"http:\/\/schema.org\/MusicRecording\">\n\t\t\t\t\n\t\t\t\t<span class=\"cue-track-details cue-track-cell\">\n\t\t\t\t\t<span class=\"cue-track-title\" itemprop=\"name\">medley perdere l'amore \/ ancora<\/span>\n\t\t\t\t\t<span class=\"cue-track-artist\" itemprop=\"byArtist\"><\/span>\n\t\t\t\t<\/span>\n\n\t\t\t\t\n\t\t\t\t<span class=\"cue-track-length cue-track-cell\">2:42<\/span>\n\n\t\t\t\t\t\t\t<\/li>\n\t\t\t\t\t<li class=\"cue-track\" itemprop=\"track\" itemscope itemtype=\"http:\/\/schema.org\/MusicRecording\">\n\t\t\t\t\n\t\t\t\t<span class=\"cue-track-details cue-track-cell\">\n\t\t\t\t\t<span class=\"cue-track-title\" itemprop=\"name\">Mi sono innamorato di te<\/span>\n\t\t\t\t\t<span class=\"cue-track-artist\" itemprop=\"byArtist\"><\/span>\n\t\t\t\t<\/span>\n\n\t\t\t\t\n\t\t\t\t<span class=\"cue-track-length cue-track-cell\">2:40<\/span>\n\n\t\t\t\t\t\t\t<\/li>\n\t\t\t<\/ol>\n\n\t<\/div>\n\t\t<script type=\"application\/json\" class=\"cue-playlist-data\">{\"embed_link\":\"https:\\\/\\\/chanteur-italien.fr\\\/?cue_embed=piano-resto&cue_theme=default\",\"permalink\":\"https:\\\/\\\/chanteur-italien.fr\\\/?cue_playlist=piano-resto\",\"skin\":\"cue-skin-default\",\"thumbnail\":\"\",\"tracks\":[{\"artist\":\"\",\"artworkId\":2270,\"artworkUrl\":\"http:\\\/\\\/chanteur-italien.fr\\\/wp-content\\\/uploads\\\/2017\\\/05\\\/foto-slider-home.6-300x300.jpg\",\"audioId\":1719,\"audioUrl\":\"http:\\\/\\\/chanteur-italien.fr\\\/wp-content\\\/uploads\\\/2016\\\/11\\\/Litaliano.mp3\",\"format\":\"mp3\",\"length\":\"1:42\",\"title\":\"l'italiano\",\"order\":0,\"mp3\":\"http:\\\/\\\/chanteur-italien.fr\\\/wp-content\\\/uploads\\\/2016\\\/11\\\/Litaliano.mp3\",\"meta\":{\"artist\":\"\",\"length_formatted\":\"1:42\"},\"src\":\"http:\\\/\\\/chanteur-italien.fr\\\/wp-content\\\/uploads\\\/2016\\\/11\\\/Litaliano.mp3\",\"thumb\":{\"src\":\"http:\\\/\\\/chanteur-italien.fr\\\/wp-content\\\/uploads\\\/2017\\\/05\\\/foto-slider-home.6-300x300.jpg\"}},{\"artist\":\"\",\"artworkId\":2270,\"artworkUrl\":\"http:\\\/\\\/chanteur-italien.fr\\\/wp-content\\\/uploads\\\/2017\\\/05\\\/foto-slider-home.6-300x300.jpg\",\"audioId\":1714,\"audioUrl\":\"http:\\\/\\\/chanteur-italien.fr\\\/wp-content\\\/uploads\\\/2016\\\/11\\\/Tu-vuo-fa-lamericano.mp3\",\"format\":\"mp3\",\"length\":\"1:27\",\"title\":\"Tu vuo fa l' americano\",\"order\":1,\"mp3\":\"http:\\\/\\\/chanteur-italien.fr\\\/wp-content\\\/uploads\\\/2016\\\/11\\\/Tu-vuo-fa-lamericano.mp3\",\"meta\":{\"artist\":\"\",\"length_formatted\":\"1:27\"},\"src\":\"http:\\\/\\\/chanteur-italien.fr\\\/wp-content\\\/uploads\\\/2016\\\/11\\\/Tu-vuo-fa-lamericano.mp3\",\"thumb\":{\"src\":\"http:\\\/\\\/chanteur-italien.fr\\\/wp-content\\\/uploads\\\/2017\\\/05\\\/foto-slider-home.6-300x300.jpg\"}},{\"artist\":\"\",\"artworkId\":2270,\"artworkUrl\":\"http:\\\/\\\/chanteur-italien.fr\\\/wp-content\\\/uploads\\\/2017\\\/05\\\/foto-slider-home.6-300x300.jpg\",\"audioId\":1723,\"audioUrl\":\"http:\\\/\\\/chanteur-italien.fr\\\/wp-content\\\/uploads\\\/2016\\\/11\\\/Volare.mp3\",\"format\":\"mp3\",\"length\":\"1:08\",\"title\":\"Volare\",\"order\":2,\"mp3\":\"http:\\\/\\\/chanteur-italien.fr\\\/wp-content\\\/uploads\\\/2016\\\/11\\\/Volare.mp3\",\"meta\":{\"artist\":\"\",\"length_formatted\":\"1:08\"},\"src\":\"http:\\\/\\\/chanteur-italien.fr\\\/wp-content\\\/uploads\\\/2016\\\/11\\\/Volare.mp3\",\"thumb\":{\"src\":\"http:\\\/\\\/chanteur-italien.fr\\\/wp-content\\\/uploads\\\/2017\\\/05\\\/foto-slider-home.6-300x300.jpg\"}},{\"artist\":\"\",\"artworkId\":2270,\"artworkUrl\":\"http:\\\/\\\/chanteur-italien.fr\\\/wp-content\\\/uploads\\\/2017\\\/05\\\/foto-slider-home.6-300x300.jpg\",\"audioId\":1715,\"audioUrl\":\"http:\\\/\\\/chanteur-italien.fr\\\/wp-content\\\/uploads\\\/2016\\\/11\\\/medley-la-solitudine-_-E-penso-a-te.mp3\",\"format\":\"mp3\",\"length\":\"2:45\",\"title\":\"Medley La solitudine \\\/ E penso a te\",\"order\":3,\"mp3\":\"http:\\\/\\\/chanteur-italien.fr\\\/wp-content\\\/uploads\\\/2016\\\/11\\\/medley-la-solitudine-_-E-penso-a-te.mp3\",\"meta\":{\"artist\":\"\",\"length_formatted\":\"2:45\"},\"src\":\"http:\\\/\\\/chanteur-italien.fr\\\/wp-content\\\/uploads\\\/2016\\\/11\\\/medley-la-solitudine-_-E-penso-a-te.mp3\",\"thumb\":{\"src\":\"http:\\\/\\\/chanteur-italien.fr\\\/wp-content\\\/uploads\\\/2017\\\/05\\\/foto-slider-home.6-300x300.jpg\"}},{\"artist\":\"\",\"artworkId\":2270,\"artworkUrl\":\"http:\\\/\\\/chanteur-italien.fr\\\/wp-content\\\/uploads\\\/2017\\\/05\\\/foto-slider-home.6-300x300.jpg\",\"audioId\":1729,\"audioUrl\":\"http:\\\/\\\/chanteur-italien.fr\\\/wp-content\\\/uploads\\\/2016\\\/11\\\/Brividi.mp3\",\"format\":\"mp3\",\"length\":\"1:48\",\"title\":\"Brividi\",\"order\":4,\"mp3\":\"http:\\\/\\\/chanteur-italien.fr\\\/wp-content\\\/uploads\\\/2016\\\/11\\\/Brividi.mp3\",\"meta\":{\"artist\":\"\",\"length_formatted\":\"1:48\"},\"src\":\"http:\\\/\\\/chanteur-italien.fr\\\/wp-content\\\/uploads\\\/2016\\\/11\\\/Brividi.mp3\",\"thumb\":{\"src\":\"http:\\\/\\\/chanteur-italien.fr\\\/wp-content\\\/uploads\\\/2017\\\/05\\\/foto-slider-home.6-300x300.jpg\"}},{\"artist\":\"\",\"artworkId\":2270,\"artworkUrl\":\"http:\\\/\\\/chanteur-italien.fr\\\/wp-content\\\/uploads\\\/2017\\\/05\\\/foto-slider-home.6-300x300.jpg\",\"audioId\":1727,\"audioUrl\":\"http:\\\/\\\/chanteur-italien.fr\\\/wp-content\\\/uploads\\\/2016\\\/11\\\/Quando-quando-quando-1.mp3\",\"format\":\"mp3\",\"length\":\"1:20\",\"title\":\"Quando quando quando\",\"order\":5,\"mp3\":\"http:\\\/\\\/chanteur-italien.fr\\\/wp-content\\\/uploads\\\/2016\\\/11\\\/Quando-quando-quando-1.mp3\",\"meta\":{\"artist\":\"\",\"length_formatted\":\"1:20\"},\"src\":\"http:\\\/\\\/chanteur-italien.fr\\\/wp-content\\\/uploads\\\/2016\\\/11\\\/Quando-quando-quando-1.mp3\",\"thumb\":{\"src\":\"http:\\\/\\\/chanteur-italien.fr\\\/wp-content\\\/uploads\\\/2017\\\/05\\\/foto-slider-home.6-300x300.jpg\"}},{\"artist\":\"\",\"artworkId\":2270,\"artworkUrl\":\"http:\\\/\\\/chanteur-italien.fr\\\/wp-content\\\/uploads\\\/2017\\\/05\\\/foto-slider-home.6-300x300.jpg\",\"audioId\":1174,\"audioUrl\":\"http:\\\/\\\/chanteur-italien.fr\\\/wp-content\\\/uploads\\\/2016\\\/06\\\/Medley-Mille-lire-al-mese-Maramao-perch\\u00e9-sei-morto-La-classe-degli-asini.mp3\",\"format\":\"mp3\",\"length\":\"3:00\",\"title\":\"Medley Italian Swing\",\"order\":6,\"mp3\":\"http:\\\/\\\/chanteur-italien.fr\\\/wp-content\\\/uploads\\\/2016\\\/06\\\/Medley-Mille-lire-al-mese-Maramao-perch\\u00e9-sei-morto-La-classe-degli-asini.mp3\",\"meta\":{\"artist\":\"\",\"length_formatted\":\"3:00\"},\"src\":\"http:\\\/\\\/chanteur-italien.fr\\\/wp-content\\\/uploads\\\/2016\\\/06\\\/Medley-Mille-lire-al-mese-Maramao-perch\\u00e9-sei-morto-La-classe-degli-asini.mp3\",\"thumb\":{\"src\":\"http:\\\/\\\/chanteur-italien.fr\\\/wp-content\\\/uploads\\\/2017\\\/05\\\/foto-slider-home.6-300x300.jpg\"}},{\"artist\":\"\",\"artworkId\":2270,\"artworkUrl\":\"http:\\\/\\\/chanteur-italien.fr\\\/wp-content\\\/uploads\\\/2017\\\/05\\\/foto-slider-home.6-300x300.jpg\",\"audioId\":252,\"audioUrl\":\"http:\\\/\\\/chanteur-italien.fr\\\/wp-content\\\/uploads\\\/2016\\\/01\\\/medley-perdere-lamore-e-ancora-3.mp3\",\"format\":\"mp3\",\"length\":\"2:42\",\"title\":\"medley perdere l'amore \\\/ ancora\",\"order\":7,\"mp3\":\"http:\\\/\\\/chanteur-italien.fr\\\/wp-content\\\/uploads\\\/2016\\\/01\\\/medley-perdere-lamore-e-ancora-3.mp3\",\"meta\":{\"artist\":\"\",\"length_formatted\":\"2:42\"},\"src\":\"http:\\\/\\\/chanteur-italien.fr\\\/wp-content\\\/uploads\\\/2016\\\/01\\\/medley-perdere-lamore-e-ancora-3.mp3\",\"thumb\":{\"src\":\"http:\\\/\\\/chanteur-italien.fr\\\/wp-content\\\/uploads\\\/2017\\\/05\\\/foto-slider-home.6-300x300.jpg\"}},{\"artist\":\"\",\"artworkId\":2270,\"artworkUrl\":\"http:\\\/\\\/chanteur-italien.fr\\\/wp-content\\\/uploads\\\/2017\\\/05\\\/foto-slider-home.6-300x300.jpg\",\"audioId\":234,\"audioUrl\":\"http:\\\/\\\/chanteur-italien.fr\\\/wp-content\\\/uploads\\\/2016\\\/01\\\/Mi-sono-innamorato-di-te-.versione-corta-2.mp3\",\"format\":\"mp3\",\"length\":\"2:40\",\"title\":\"Mi sono innamorato di te\",\"order\":8,\"mp3\":\"http:\\\/\\\/chanteur-italien.fr\\\/wp-content\\\/uploads\\\/2016\\\/01\\\/Mi-sono-innamorato-di-te-.versione-corta-2.mp3\",\"meta\":{\"artist\":\"\",\"length_formatted\":\"2:40\"},\"src\":\"http:\\\/\\\/chanteur-italien.fr\\\/wp-content\\\/uploads\\\/2016\\\/01\\\/Mi-sono-innamorato-di-te-.versione-corta-2.mp3\",\"thumb\":{\"src\":\"http:\\\/\\\/chanteur-italien.fr\\\/wp-content\\\/uploads\\\/2017\\\/05\\\/foto-slider-home.6-300x300.jpg\"}}]}<\/script>\n\t\t<\/div>\n<h2 style=\"text-align: center;\">Formule solo<\/h2>\n<h3 style=\"text-align: center;\"><span style=\"color: #000000;\">Dom Battaglia (chant, clavier, saxophone )<\/span><\/h3>\n<p>&nbsp;<\/p>\n<p style=\"padding-left: 180px;\"><img loading=\"lazy\" decoding=\"async\" class=\"wp-image-2278 aligncenter\" src=\"http:\/\/chanteur-italien.fr\/wp-content\/uploads\/2016\/11\/dom-crooner2.jpg\" alt=\"Soir\u00e9e resto\" width=\"400\" height=\"602\" srcset=\"https:\/\/chanteur-italien.fr\/wp-content\/uploads\/2016\/11\/dom-crooner2.jpg 500w, https:\/\/chanteur-italien.fr\/wp-content\/uploads\/2016\/11\/dom-crooner2-33x50.jpg 33w, https:\/\/chanteur-italien.fr\/wp-content\/uploads\/2016\/11\/dom-crooner2-140x210.jpg 140w\" sizes=\"(max-width: 400px) 100vw, 400px\" \/><\/p>\n<p>&nbsp;<\/p>\n<p>&nbsp;<\/p>\n<h2 style=\"text-align: center;\">Formule Duo<\/h2>\n<h3 style=\"text-align: center;\"><span style=\"color: #000000;\">Dom Battaglia (chant, clavier, saxophone )<\/span><\/h3>\n<h3 style=\"text-align: center;\"><span style=\"color: #000000;\">et Giacomo Anastasi ( guitare chant, mandoline )<\/span><\/h3>\n<p>&nbsp;<\/p>\n<p>&nbsp;<\/p>\n<p style=\"padding-left: 180px;\"><img loading=\"lazy\" decoding=\"async\" class=\"wp-image-2280 aligncenter\" src=\"http:\/\/chanteur-italien.fr\/wp-content\/uploads\/2016\/11\/duo-domgi\u00e0.-optimis\u00e92.jpg\" alt=\"Soir\u00e9e resto\" width=\"400\" height=\"321\" srcset=\"https:\/\/chanteur-italien.fr\/wp-content\/uploads\/2016\/11\/duo-domgi\u00e0.-optimis\u00e92.jpg 500w, https:\/\/chanteur-italien.fr\/wp-content\/uploads\/2016\/11\/duo-domgi\u00e0.-optimis\u00e92-50x40.jpg 50w, https:\/\/chanteur-italien.fr\/wp-content\/uploads\/2016\/11\/duo-domgi\u00e0.-optimis\u00e92-262x210.jpg 262w\" sizes=\"(max-width: 400px) 100vw, 400px\" \/><\/p>\n<p>&nbsp;<\/p>\n<h2 style=\"text-align: center;\">Formule Trio<\/h2>\n<h3 style=\"text-align: center;\"><span style=\"color: #000000;\">Dom Battaglia (chant, clavier, saxophone )<\/span><\/h3>\n<h3 style=\"text-align: center;\"><span style=\"color: #000000;\">\u00a0Giacomo Anastasi ( guitare chant, mandoline )<\/span><\/h3>\n<h3 style=\"text-align: center;\"><span style=\"color: #000000;\">Bruno Viala ( saxophone, tambourin)<\/span><\/h3>\n<h3 style=\"text-align: center;\"><span style=\"color: #000000;\">ou <\/span><\/h3>\n<h3 style=\"text-align: center;\"><span style=\"color: #000000;\">Toni Faro ( saxophone fl\u00fbte traversi\u00e8re)<\/span><\/h3>\n<h3 style=\"text-align: center;\"><\/h3>\n<h3 style=\"text-align: center;\"><img loading=\"lazy\" decoding=\"async\" class=\"wp-image-2279 alignnone\" src=\"http:\/\/chanteur-italien.fr\/wp-content\/uploads\/2016\/11\/trio-anema-e-core.docndo-bianco.-optimis\u00e9.png\" alt=\"Soir\u00e9e resto\" width=\"400\" height=\"313\" srcset=\"https:\/\/chanteur-italien.fr\/wp-content\/uploads\/2016\/11\/trio-anema-e-core.docndo-bianco.-optimis\u00e9.png 800w, https:\/\/chanteur-italien.fr\/wp-content\/uploads\/2016\/11\/trio-anema-e-core.docndo-bianco.-optimis\u00e9-50x39.png 50w, https:\/\/chanteur-italien.fr\/wp-content\/uploads\/2016\/11\/trio-anema-e-core.docndo-bianco.-optimis\u00e9-500x391.png 500w, https:\/\/chanteur-italien.fr\/wp-content\/uploads\/2016\/11\/trio-anema-e-core.docndo-bianco.-optimis\u00e9-268x210.png 268w\" sizes=\"(max-width: 400px) 100vw, 400px\" \/><\/h3>\n<h3 style=\"text-align: center;\"><\/h3>\n<h3 style=\"text-align: center;\"><\/h3>\n<p>&nbsp;<\/p>\n<p>&nbsp;<\/p>\n<p style=\"padding-left: 210px;\"><img loading=\"lazy\" decoding=\"async\" class=\"wp-image-2281 aligncenter\" src=\"http:\/\/chanteur-italien.fr\/wp-content\/uploads\/2016\/11\/sor\u00e9e-italienne-annecy-2-1.jpg\" alt=\"Soir\u00e9e resto\" width=\"400\" height=\"480\" srcset=\"https:\/\/chanteur-italien.fr\/wp-content\/uploads\/2016\/11\/sor\u00e9e-italienne-annecy-2-1.jpg 500w, https:\/\/chanteur-italien.fr\/wp-content\/uploads\/2016\/11\/sor\u00e9e-italienne-annecy-2-1-42x50.jpg 42w, https:\/\/chanteur-italien.fr\/wp-content\/uploads\/2016\/11\/sor\u00e9e-italienne-annecy-2-1-175x210.jpg 175w\" sizes=\"(max-width: 400px) 100vw, 400px\" \/><\/p>\n<p>&nbsp;<\/p>\n<p>&nbsp;<\/p>\n<p>&nbsp;<\/p>\n<p>&nbsp;<\/p>\n<p>&nbsp;<\/p>\n<p>&nbsp;<\/p>\n<p>&nbsp;<\/p>\n<p>&nbsp;<\/p>\n<p>&nbsp;<\/p>\n<p>&nbsp;<\/p>\n<p>&nbsp;<\/p>\n<p>&nbsp;<\/p>\n<p><iframe loading=\"lazy\" title=\"Inauguration du restaurant Fratelli \u00e0 Lyon Confluence\" width=\"500\" height=\"281\" src=\"https:\/\/www.youtube.com\/embed\/pq3o8o4CKwE?feature=oembed\" frameborder=\"0\" allow=\"accelerometer; autoplay; clipboard-write; encrypted-media; gyroscope; picture-in-picture; web-share\" referrerpolicy=\"strict-origin-when-cross-origin\" allowfullscreen><\/iframe><\/p>\n<p><iframe loading=\"lazy\" title=\"Anema &#039;e Core Trio  versione Swing\" width=\"500\" height=\"375\" src=\"https:\/\/www.youtube.com\/embed\/-z5LFt9_j7s?feature=oembed\" frameborder=\"0\" allow=\"accelerometer; autoplay; clipboard-write; encrypted-media; gyroscope; picture-in-picture; web-share\" referrerpolicy=\"strict-origin-when-cross-origin\" allowfullscreen><\/iframe><\/p>\n<p><iframe loading=\"lazy\" title=\"Duo italien Dom Bruno\" width=\"500\" height=\"375\" src=\"https:\/\/www.youtube.com\/embed\/yh6uhWEt2ts?feature=oembed\" frameborder=\"0\" allow=\"accelerometer; autoplay; clipboard-write; encrypted-media; gyroscope; picture-in-picture; web-share\" referrerpolicy=\"strict-origin-when-cross-origin\" allowfullscreen><\/iframe><\/p>\n<p>&nbsp;<\/p>\n<p><iframe loading=\"lazy\" title=\"Duo italien DomGi\u00e0\" width=\"500\" height=\"375\" src=\"https:\/\/www.youtube.com\/embed\/QeHkPAPbIPU?feature=oembed\" frameborder=\"0\" allow=\"accelerometer; autoplay; clipboard-write; encrypted-media; gyroscope; picture-in-picture; web-share\" referrerpolicy=\"strict-origin-when-cross-origin\" allowfullscreen><\/iframe><\/p>\n<p>&nbsp;<\/p>\n<h6><\/h6>\n<h6><\/h6>\n<h6>\u00a0Le bon mot cl\u00e9<\/h6>\n<p>&nbsp;<\/p>\n<p>&nbsp;<\/p>\n<p>&nbsp;<\/p>\n<p>&nbsp;<\/p>\n<p>&nbsp;<\/p>\n<p>&nbsp;<\/p>\n<p>&nbsp;<\/p>\n<h6><\/h6>\n<h6 style=\"text-align: center;\">Soir\u00e9e resto,<\/h6>\n<p><span itemprop=\"video\" itemscope itemtype=\"http:\/\/schema.org\/VideoObject\"><meta itemprop=\"name\" content=\"Soir\u00e9e resto\"><meta itemprop=\"thumbnailURL\" content=\"http:\/\/chanteur-italien.fr\/wp-content\/uploads\/2019\/02\/pq3o8o4ckwe.jpg\"><meta itemprop=\"description\" content=\"Soir\u00e9e resto. Lyon, Rh\u00f4ne, Ain Is\u00e8re, Loire. Solo, Duo, Trio...Mandoline, chant, saxophone, guitare, clavier. La musique italienne autrement\"><meta itemprop=\"uploadDate\" content=\"2016-11-24T22:28:37+00:00\"><meta itemprop=\"embedURL\" content=\"https:\/\/www.youtube-nocookie.com\/v\/pq3o8o4CKwE\"><meta itemprop=\"duration\" content=\"PT1M6S\"><\/span><\/p>\n","protected":false},"excerpt":{"rendered":"<p>Soir\u00e9e resto La grande passion pour la musique de notre pays, nous a amen\u00e9s \u00e0 faire ce site internet pour pouvoir vous proposer une palette tr\u00e8s large de musique. De la musique traditionnelle, \u00e0 la musique napolitaine; des ballades \u00e0 la musique pop, du swing \u00e0 la musique de piano&#8230;<\/p>\n","protected":false},"author":1,"featured_media":0,"parent":0,"menu_order":0,"comment_status":"closed","ping_status":"closed","template":"","meta":{"_monsterinsights_skip_tracking":false,"_monsterinsights_sitenote_active":false,"_monsterinsights_sitenote_note":"","_monsterinsights_sitenote_category":0,"footnotes":""},"_links":{"self":[{"href":"https:\/\/chanteur-italien.fr\/index.php\/wp-json\/wp\/v2\/pages\/1695"}],"collection":[{"href":"https:\/\/chanteur-italien.fr\/index.php\/wp-json\/wp\/v2\/pages"}],"about":[{"href":"https:\/\/chanteur-italien.fr\/index.php\/wp-json\/wp\/v2\/types\/page"}],"author":[{"embeddable":true,"href":"https:\/\/chanteur-italien.fr\/index.php\/wp-json\/wp\/v2\/users\/1"}],"replies":[{"embeddable":true,"href":"https:\/\/chanteur-italien.fr\/index.php\/wp-json\/wp\/v2\/comments?post=1695"}],"version-history":[{"count":97,"href":"https:\/\/chanteur-italien.fr\/index.php\/wp-json\/wp\/v2\/pages\/1695\/revisions"}],"predecessor-version":[{"id":2530,"href":"https:\/\/chanteur-italien.fr\/index.php\/wp-json\/wp\/v2\/pages\/1695\/revisions\/2530"}],"wp:attachment":[{"href":"https:\/\/chanteur-italien.fr\/index.php\/wp-json\/wp\/v2\/media?parent=1695"}],"curies":[{"name":"wp","href":"https:\/\/api.w.org\/{rel}","templated":true}]}}