{"id":2021,"date":"2017-02-14T15:53:39","date_gmt":"2017-02-14T14:53:39","guid":{"rendered":"http:\/\/chanteur-italien.fr\/?page_id=2021"},"modified":"2017-02-14T15:53:39","modified_gmt":"2017-02-14T14:53:39","slug":"animation-mariage-italien-val-doise-95","status":"publish","type":"page","link":"https:\/\/chanteur-italien.fr\/index.php\/animation-mariage-italien-val-doise-95\/","title":{"rendered":"Animation mariage italien Val d&rsquo;Oise 95"},"content":{"rendered":"<h1>Animation mariage italien\u00a0Val d&rsquo;Oise 95<\/h1>\n<h4><\/h4>\n<h4>Chercher vous un chanteur, un groupe d\u2019animation pour des soir\u00e9es et des animations italiennes\u00a0? Vous voudriez faire une surprise \u00e0 votre Maman ou \u00e0 votre Papi pour son anniversaire\u00a0? Et vous\u00a0chercher un groupe qui interpr\u00e8te des chansons qui rappelle leur souvenirs de jeunesse? Ou alors vous organisez un repas italien chez vous ou dans un restaurant et vous cherchez quelqu\u2019un qui puisse chanter et animer votre banquet\u00a0\u00e0 l\u2019accent italien\u00a0?<\/h4>\n<h4>Vous \u00eates tomb\u00e9s au bon endroit\u00a0!<\/h4>\n<h4>Dom, chanteur, clavi\u00e9riste, saxophoniste sera vous s\u00e9duire avec son accent et sa voix qui porte toute la chaleur du Belpaese!<\/h4>\n<h4>Il vous propose une prestation en \u00a0Duo avec un mandoliniste-guitariste-chanteur et en Trio avec un saxophoniste en plus.<\/h4>\n<h4>Voici les formules qu&rsquo;on vous propose:<\/h4>\n<h3><strong style=\"font-style: inherit;\">FORMULE TOCCATA<\/strong><\/h3>\n<h4><span style=\"color: #ccffcc;\">Une \u00e0 deux\u00a0heures de prestation pour tout type d\u2019\u00e9v\u00e9nement<\/span><\/h4>\n<h4><span style=\"color: #ccffcc;\">( repas de famille, inaugurations, concerts, soir\u00e9es italiennes&#8230;)<\/span><\/h4>\n<h4><\/h4>\n<h2 style=\"text-align: center;\"><span style=\"text-decoration: underline;\"><strong style=\"font-style: inherit;\">Formule mariages:<\/strong><\/span><\/h2>\n<h3 style=\"text-align: center;\"><\/h3>\n<h3 style=\"text-align: left;\"><strong style=\"font-style: inherit;\">FORMULE ROMANTICA<\/strong><\/h3>\n<h4><span style=\"color: #ccffff;\">\u00a0<\/span><\/h4>\n<h4><span style=\"text-decoration: underline; color: #ccffcc;\"><strong>Animation de la c\u00e9r\u00e9monie au chant<\/strong><\/span><\/h4>\n<h4><span style=\"color: #ccffcc;\">-Chansons italiennes ( ex: Ave Maria,Con te partiro&rsquo;, Caruso, Una lunga storia d&rsquo;amore, Ancora, Parlami d&rsquo;amore Mari\u00f9&#8230;)<\/span><\/h4>\n<h4><span style=\"color: #ccffcc;\">-Chansons italiennes et internationales ( ex: You raise me up, Hallelujah, Amazing grace,Happy days, Happy, If tomorrow never comes, When you say nothing at all, Smile, Isn&rsquo;t she lovely, L&rsquo;envie d&rsquo;aimer&#8230;<\/span><\/h4>\n<h4><span style=\"text-decoration: underline; color: #ccffcc;\"><strong>Animation du cocktail<\/strong><\/span><\/h4>\n<h4><span style=\"color: #ccffcc;\">100% italien ( italian Swing, Ballades, chanson \u00e0 voix, tarentelles, Rumba napolitaine, S\u00e9r\u00e9nades, et les grands standards )<\/span><\/h4>\n<h4><span style=\"color: #ccffcc;\">M\u00e9lange de italien et saxophone ( Swing, Jazz, Lounge&#8230;)<\/span><\/h4>\n<h4><span style=\"color: #ccffcc;\">M\u00e9lange de italien et international ( Crooner, Soul, Ballades&#8230;)<\/span><\/h4>\n<h4 style=\"text-align: left;\"><\/h4>\n<h3 style=\"text-align: left;\"><strong style=\"font-style: inherit;\">FORMULE FESTA<\/strong><\/h3>\n<h4><span style=\"color: #ccffcc;\">\u00a0<\/span><\/h4>\n<h4 style=\"font-weight: inherit;\"><span style=\"text-decoration: underline; color: #ccffcc;\">Animation du cocktail<\/span><\/h4>\n<h4><span style=\"color: #ccffcc;\">100% italien ( italian Swing, Ballades, chanson \u00e0 voix, tarentelles, Rumba napolitaine, S\u00e9r\u00e9nades, et les grands standards<\/span><\/h4>\n<h4><span style=\"color: #ccffcc;\">m\u00e9lange de italien et saxophone ( Swing, Jazz, Lounge&#8230;)<\/span><\/h4>\n<h4><span style=\"color: #ccffcc;\">M\u00e9lange de italien et international ( Crooner, Soul, Ballades&#8230;)<\/span><\/h4>\n<h4><span style=\"text-decoration: underline; color: #ccffcc;\"><u>Animation d&rsquo;une partie de la soir\u00e9e<\/u><\/span><\/h4>\n<h4><span style=\"color: #ccffcc;\">2 passages de 30 minutes environ<\/span><\/h4>\n<h4><span style=\"color: #ccffcc;\">-S\u00e9r\u00e9nades, Tarentelles, chansons \u00e0 voix, standard italiens en tour de tables<\/span><\/h4>\n<h4><span style=\"color: #ccffcc;\">-Tarentelles, Rumba napolitaine, Chansons d&rsquo;animation sur la piste de dance<\/span><\/h4>\n<h3 style=\"text-align: left;\"><\/h3>\n<h3 style=\"text-align: left;\"><strong>FORMULE DOLCE VITA<\/strong><\/h3>\n<h4><span style=\"color: #ccffcc;\">\u00a0<\/span><\/h4>\n<h4><span style=\"text-decoration: underline; color: #ccffcc;\">Animation de la c\u00e9r\u00e9monie au chant<\/span><\/h4>\n<h4><span style=\"color: #ccffcc;\">Chansons italiennes ( ex: Ave Maria,Con te partiro&rsquo;, Caruso, Una lunga storia d&rsquo;amore, Ancora, Parlami d&rsquo;amore Mari\u00f9&#8230;)<\/span><\/h4>\n<h4><span style=\"color: #ccffcc;\">Chansons italiennes et internationales( ex: You raise me up, Hallelujah, Amazing grace,Happy days, Happy, If tomorrow never comes, When you say nothing at all, Smile, Isn&rsquo;t she lovely, L&rsquo; envie d&rsquo;aimer<\/span><\/h4>\n<h4><span style=\"text-decoration: underline; color: #ccffcc;\">Animation du cocktail<\/span><\/h4>\n<h4><span style=\"color: #ccffcc;\">100% italien ( italian Swing, Ballades, chanson \u00e0 voix, tarentelles, Rumba napolitaine, S\u00e9r\u00e9nades, et les grands standards )<\/span><\/h4>\n<h4><span style=\"color: #ccffcc;\">M\u00e9lange de italien et saxophone ( Swing, Jazz, Lounge&#8230;)<\/span><\/h4>\n<h4><span style=\"color: #ccffcc;\">M\u00e9lange de italien et international ( Crooner, Soul, Ballades&#8230;)<\/span><\/h4>\n<h4><span style=\"text-decoration: underline; color: #ccffcc;\"><u>Animation d&rsquo;une partie de la soir\u00e9e<\/u><\/span><\/h4>\n<h4><span style=\"color: #ccffcc;\">2 passages de 30 minutes environ<\/span><\/h4>\n<h4><span style=\"color: #ccffcc;\">S\u00e9r\u00e9nades, Tarentelles, chansons \u00e0 voix, standard italiens en tour de tables<\/span><\/h4>\n<h4><span style=\"color: #ccffcc;\">Tarentelles, Rumba napolitaine, Chansons d&rsquo;animation sur la piste de dance<\/span><\/h4>\n<h3><span style=\"color: #ccffff;\">\u00a0<\/span><\/h3>\n<h3 style=\"text-align: left;\"><strong>FORMULE\u00a0COMPLETA 15<\/strong><\/h3>\n<h4><span style=\"color: #ccffff;\">\u00a0<\/span><\/h4>\n<h4><span style=\"text-decoration: underline; color: #ccffcc;\">Animation de la c\u00e9r\u00e9monie au chant<\/span><\/h4>\n<h4><span style=\"color: #ccffcc;\">chansons italiennes ( ex: Ave Maria,Con te partiro&rsquo;, Caruso, Una lunga storia d&rsquo;amore, Ancora, Parlami d&rsquo;amore Mari\u00f9&#8230;)<\/span><\/h4>\n<h4><span style=\"color: #ccffcc;\">Chansons italiennes et internationales( ex: You raise me up, Hallelujah, Amazing grace,Happy days, Happy, If tomorrow never comes, When you say nothing at all, Smile, Isn&rsquo;t she lovely, L&rsquo; envie d&rsquo;aimer<\/span><\/h4>\n<h4><span style=\"text-decoration: underline; color: #ccffcc;\">Animation du cocktail<\/span><\/h4>\n<h4><span style=\"color: #ccffcc;\">100% italien ( italian Swing, Ballades, chanson \u00e0 voix, tarentelles, Rumba napolitaine,S\u00e9r\u00e9nades, et les grands standards<\/span><\/h4>\n<h4><span style=\"color: #ccffcc;\">M\u00e9lange de italien et saxophone ( Swing, Jazz, Lounge&#8230;)<\/span><\/h4>\n<h4><span style=\"color: #ccffcc;\">M\u00e9lange de italien et international ( Crooner, Soul, Ballades&#8230;)<\/span><\/h4>\n<h4><span style=\"text-decoration: underline; color: #ccffcc;\"><u>Animation d&rsquo;une partie de la soir\u00e9e<\/u><\/span><\/h4>\n<h4><span style=\"color: #ccffcc;\">2 passages de 30 minutes environ<\/span><\/h4>\n<h4><span style=\"color: #ccffcc;\">S\u00e9r\u00e9nades, Tarentelles, chansons \u00e0 voix, standard italiens en tour de tables<\/span><\/h4>\n<h4><span style=\"color: #ccffcc;\">Tarentelles, Rumba napolitaine, Chansons d&rsquo;animation sur la piste de dance<\/span><\/h4>\n<h4><span style=\"text-decoration: underline; color: #ccffcc;\">Animation Dj ( son et lumi\u00e8res compris)<\/span><\/h4>\n<h2 style=\"text-align: center;\"><\/h2>\n<h2 style=\"text-align: center;\"><\/h2>\n<h2 style=\"text-align: center;\"><span style=\"color: #ffffff;\"><strong>\u00a0Domgi\u00e0 Duo<\/strong><\/span><\/h2>\n<h3 style=\"text-align: center;\"><\/h3>\n<h3 style=\"text-align: center;\">DOM BATTAGLIA : SAXOPHONE, CLAVIER, CHANT<\/h3>\n<h3 style=\"text-align: center;\">GIACOMO ANASTASI : MANDOLINE, GUITARE, CHANT<\/h3>\n<p><a href=\"http:\/\/chanteur-italien.fr\/wp-content\/uploads\/2016\/10\/CLB6736-Modifier-e1486592372930.jpg\"><img loading=\"lazy\" decoding=\"async\" class=\"alignright wp-image-1851 size-full\" src=\"http:\/\/chanteur-italien.fr\/wp-content\/uploads\/2016\/10\/CLB6736-Modifier-e1486592372930.jpg\" alt=\"Animation mariage italien Val d'Oise 95\" width=\"950\" height=\"781\" \/><\/a><\/p>\n<h2 style=\"text-align: center;\"><span style=\"color: #ffffff;\">ANEMA &lsquo;E CORE Trio<\/span><\/h2>\n<h3 style=\"text-align: center;\"><\/h3>\n<h3 style=\"text-align: center;\">BRUNO VIALA : SAXOPHONE, TAMBOURIN<\/h3>\n<h3 style=\"text-align: center;\">DOM BATTAGLIA : CLAVIER, CHANT<\/h3>\n<h3 style=\"text-align: center;\">GIACOMO ANASTASI : MANDOLINE, GUITARE,CHANT<\/h3>\n<p><a href=\"http:\/\/chanteur-italien.fr\/wp-content\/uploads\/2017\/02\/CLB6673-Modifier-copie.jpg\"><img loading=\"lazy\" decoding=\"async\" class=\"alignright wp-image-1841 size-full\" src=\"http:\/\/chanteur-italien.fr\/wp-content\/uploads\/2017\/02\/CLB6673-Modifier-copie.jpg\" alt=\"Animation mariage italien Val d'Oise 95\" width=\"1155\" height=\"918\" srcset=\"https:\/\/chanteur-italien.fr\/wp-content\/uploads\/2017\/02\/CLB6673-Modifier-copie.jpg 1155w, https:\/\/chanteur-italien.fr\/wp-content\/uploads\/2017\/02\/CLB6673-Modifier-copie-50x40.jpg 50w, https:\/\/chanteur-italien.fr\/wp-content\/uploads\/2017\/02\/CLB6673-Modifier-copie-264x210.jpg 264w\" sizes=\"(max-width: 1155px) 100vw, 1155px\" \/><\/a><\/p>\n<h3 style=\"text-align: center;\"><\/h3>\n<h3 style=\"text-align: center;\"><\/h3>\n<h6 style=\"text-align: center;\"><\/h6>\n<h6 style=\"text-align: center;\"><span style=\"color: #999999;\">Le bon mot cl\u00e9<\/span><\/h6>\n<h6><\/h6>\n<h6><span style=\"color: #999999;\">Animation mariage italien Val d&rsquo;Oise 95.Animation mariage italien Val d&rsquo;Oise 95.Animation mariage italien Val d&rsquo;Oise 95. Animation mariage italien Val d&rsquo;Oise 95.\u00a0Animation mariage italien Val d&rsquo;Oise 95.Animation mariage italien Val d&rsquo;Oise 95.Animation mariage italien Val d&rsquo;Oise 95. Animation mariage italien Val d&rsquo;Oise 95.\u00a0Animation mariage italien Val d&rsquo;Oise 95.Animation mariage italien Val d&rsquo;Oise 95.Animation mariage italien Val d&rsquo;Oise 95. Animation mariage italien Val d&rsquo;Oise 95.\u00a0Animation mariage italien Val d&rsquo;Oise 95.Animation mariage italien Val d&rsquo;Oise 95.Animation mariage italien Val d&rsquo;Oise 95. Animation mariage italien Val d&rsquo;Oise 95.\u00a0Animation mariage italien Val d&rsquo;Oise 95.Animation mariage italien Val d&rsquo;Oise 95.Animation mariage italien Val d&rsquo;Oise 95. Animation mariage italien Val d&rsquo;Oise 95.\u00a0Animation mariage italien Val d&rsquo;Oise 95.Animation mariage italien Val d&rsquo;Oise 95.Animation mariage italien Val d&rsquo;Oise 95. Animation mariage italien Val d&rsquo;Oise 95.\u00a0Animation mariage italien Val d&rsquo;Oise 95.Animation mariage italien Val d&rsquo;Oise 95.Animation mariage italien Val d&rsquo;Oise 95. Animation mariage italien Val d&rsquo;Oise 95.\u00a0Animation mariage italien Val d&rsquo;Oise 95.Animation mariage italien Val d&rsquo;Oise 95.Animation mariage italien Val d&rsquo;Oise 95. Animation mariage italien Val d&rsquo;Oise 95.Animation italienne Val d&rsquo;Oise 95. Groupe musique italienne\u00a0 Orchestre italien\u00a0 Val d&rsquo;Oise 95.Groupe musique italienne Val d&rsquo;Oise 95. Soir\u00e9e italienne\u00a0 Groupe musique italienne\u00a0 Val d&rsquo;Oise 95.\u00a0Animation mariage franco-italien Val d&rsquo;Oise 95. \u00a0Animation mariage italien Val d&rsquo;Oise 95. Chanteur italien Val d&rsquo;Oise 95. Mandoline Val d&rsquo;Oise 95 Mandoliniste Val d&rsquo;Oise 95 Val d&rsquo;Oise 95. Mandoliniste chanteur Val d&rsquo;Oise 95 Tarentelles, S\u00e9r\u00e9nades\u00a0 Val d&rsquo;Oise 95.Chansons napolitain Val d&rsquo;Oise 95<\/span><\/h6>\n<h6>Animation italienne Argenteuil.\u00a0Groupe musique italienne\u00a0 Orchestre italien\u00a0 Argenteuil.\u00a0Groupe musique italienne Argenteuil.\u00a0Soir\u00e9e italienne\u00a0 Groupe musique italienne\u00a0 Argenteuil.\u00a0Animation mariage franco-italien Argenteuil.\u00a0Animation mariage italien Argenteuil\u00a0.Chanteur italien Argenteuil.\u00a0Mandoline Argenteuil. Mandoliniste Argenteuil. Mandoliniste chanteur Argenteuil.\u00a0Tarentelles, S\u00e9r\u00e9nades\u00a0 Argenteuil.\u00a0Chansons napolitaines, chansons siciliennes, chansons calabraises tarentelles, S\u00e9r\u00e9nades Argenteuil. Animation italienne Sarcelles.\u00a0Groupe musique italienne\u00a0 Orchestre italien\u00a0 Sarcelles.\u00a0Groupe musique italienne Sarcelles.\u00a0Soir\u00e9e italienne\u00a0 Groupe musique italienne Sarcelles.\u00a0Animation mariage franco-italien\u00a0Sarcelles.\u00a0Animation mariage italien Sarcelles.\u00a0Chanteur italien\u00a0Sarcelles.\u00a0Mandoline\u00a0Sarcelles.\u00a0Mandoliniste\u00a0Sarcelles.\u00a0Mandoliniste chanteur\u00a0Sarcelles.\u00a0Tarentelles, S\u00e9r\u00e9nades\u00a0Sarcelles. Chansons napolitaines, chansons siciliennes, chansons calabraises tarentelles, S\u00e9r\u00e9nades\u00a0Sarcelles.Animation italienne Cergy. Groupe musique italienne\u00a0 Orchestre italien\u00a0Cergy.Groupe musique italienne\u00a0Cergy. Soir\u00e9e italienne\u00a0 Groupe musique italienne\u00a0\u00a0Cergy. Animation mariage franco-italien\u00a0Cergy. Animation mariage italien Cergy. Chanteur italien\u00a0Cergy. Mandoline\u00a0Cergy. Mandoliniste Cergy. Mandoliniste chanteur\u00a0Cergy. Tarentelles, S\u00e9r\u00e9nades\u00a0\u00a0Cergy. Chansons napolitaines, chansons siciliennes, chansons calabraises tarentelles, S\u00e9r\u00e9nades\u00a0Cergy. Garges-l\u00e8s-Gonesse, Franconville, Pontoise,Ermont ,Goussainville ,Bezons,\u00a0Villiers-le-Bel,\u00a0Taverny,\u00a0Sannois,\u00a0Gonesse,\u00a0Herblay, Eaubonne, Montmorency,Deuil-la-Barre,\u00a0Saint-Ouen-l&rsquo;Aum\u00f4ne,\u00a0Cormeilles-en-Parisis,\u00a0Saint-Gratien,\u00a0Jouy-le-Moutier,\u00a0Montigny-l\u00e8s-Cormeilles,\u00a0Soisy-sous-Montmorency,\u00a0Vaur\u00e9al,\u00a0\u00c9ragny,\u00a0Saint-Leu-la-For\u00eat, Domont,\u00a0Montmagny,\u00a0Saint-Brice-sous-For\u00eat,\u00a0Arnouville-l\u00e8s-Gonesse,\u00a0L&rsquo;Isle-Adam,\u00a0Enghien-les-Bains,<\/h6>\n<h6><\/h6>\n<h6><\/h6>\n<h6><\/h6>\n<p>&nbsp;<\/p>\n<p>&nbsp;<\/p>\n<p>&nbsp;<\/p>\n","protected":false},"excerpt":{"rendered":"<p>Animation mariage italien\u00a0Val d&rsquo;Oise 95 Chercher vous un chanteur, un groupe d\u2019animation pour des soir\u00e9es et des animations italiennes\u00a0? Vous voudriez faire une surprise \u00e0 votre Maman ou \u00e0 votre Papi pour son anniversaire\u00a0? Et vous\u00a0chercher un groupe qui interpr\u00e8te des chansons qui rappelle leur souvenirs de jeunesse? Ou alors&#8230;<\/p>\n","protected":false},"author":1,"featured_media":0,"parent":0,"menu_order":0,"comment_status":"closed","ping_status":"closed","template":"","meta":{"_monsterinsights_skip_tracking":false,"_monsterinsights_sitenote_active":false,"_monsterinsights_sitenote_note":"","_monsterinsights_sitenote_category":0,"footnotes":""},"_links":{"self":[{"href":"https:\/\/chanteur-italien.fr\/index.php\/wp-json\/wp\/v2\/pages\/2021"}],"collection":[{"href":"https:\/\/chanteur-italien.fr\/index.php\/wp-json\/wp\/v2\/pages"}],"about":[{"href":"https:\/\/chanteur-italien.fr\/index.php\/wp-json\/wp\/v2\/types\/page"}],"author":[{"embeddable":true,"href":"https:\/\/chanteur-italien.fr\/index.php\/wp-json\/wp\/v2\/users\/1"}],"replies":[{"embeddable":true,"href":"https:\/\/chanteur-italien.fr\/index.php\/wp-json\/wp\/v2\/comments?post=2021"}],"version-history":[{"count":1,"href":"https:\/\/chanteur-italien.fr\/index.php\/wp-json\/wp\/v2\/pages\/2021\/revisions"}],"predecessor-version":[{"id":2024,"href":"https:\/\/chanteur-italien.fr\/index.php\/wp-json\/wp\/v2\/pages\/2021\/revisions\/2024"}],"wp:attachment":[{"href":"https:\/\/chanteur-italien.fr\/index.php\/wp-json\/wp\/v2\/media?parent=2021"}],"curies":[{"name":"wp","href":"https:\/\/api.w.org\/{rel}","templated":true}]}}