{"id":2363,"date":"2018-11-28T21:30:59","date_gmt":"2018-11-28T20:30:59","guid":{"rendered":"http:\/\/chanteur-italien.fr\/?page_id=2363"},"modified":"2022-06-03T10:29:15","modified_gmt":"2022-06-03T09:29:15","slug":"dom-battaglia","status":"publish","type":"page","link":"https:\/\/chanteur-italien.fr\/index.php\/dom-battaglia\/","title":{"rendered":"Dom Battaglia"},"content":{"rendered":"<h3 style=\"text-align: left;\">Chanteur \u00e0 la\u00a0voix\u00a0envo\u00fbtante \u00a0qui respire toute l\u2019Italie ! Dom Battaglia est n\u00e9 en Italie o\u00f9 il\u00a0a fait toute sa formation musicale et\u00a0obtenu\u00a0le\u00a0dipl\u00f4me\u00a0du conservatoire de musique \u00a0de Cosenza en 1994. Chanteur, saxophoniste, pianiste, Dom vous propose des concerts et diff\u00e9rents\u00a0types de prestations \u00e0 l\u2019accent italien ! Chansons traditionnelles et chansons actuelles en formule Solo, Duo, Trio. Chansons napolitaines, calabraises, siciliennes, romaines.\u00a0S\u00e9r\u00e9nades, Tarentelles, Rumba napolitaine, les chansons \u00e0 voix, les grands standards..<\/h3>\n<div><\/div>\n<div><\/div>\n<p><iframe loading=\"lazy\" title=\"Musique italienne d&#039;ambiance! Duo Domgi\u00e0- Dom Battaglia et  Giacomo Anastasi\" width=\"500\" height=\"281\" src=\"https:\/\/www.youtube.com\/embed\/29k_Hh0_u8U?feature=oembed\" frameborder=\"0\" allow=\"accelerometer; autoplay; clipboard-write; encrypted-media; gyroscope; picture-in-picture; web-share\" referrerpolicy=\"strict-origin-when-cross-origin\" allowfullscreen><\/iframe><\/p>\n<div class=\"cue-playlist-container\">\n<div class=\"cue-playlist cue-theme-default\" itemscope itemtype=\"http:\/\/schema.org\/MusicPlaylist\">\n\t\n\t<meta itemprop=\"numTracks\" content=\"7\" \/>\n\n\t<audio src=\"http:\/\/chanteur-italien.fr\/wp-content\/uploads\/2016\/01\/mix-musiche-attuali.mp3\" controls preload=\"none\" class=\"cue-audio\" style=\"width: 100%; height: auto\"><\/audio>\n\n\t<ol class=\"cue-tracks\">\n\t\t\t\t\t<li class=\"cue-track\" itemprop=\"track\" itemscope itemtype=\"http:\/\/schema.org\/MusicRecording\">\n\t\t\t\t\n\t\t\t\t<span class=\"cue-track-details cue-track-cell\">\n\t\t\t\t\t<span class=\"cue-track-title\" itemprop=\"name\">Canzoni attuali<\/span>\n\t\t\t\t\t<span class=\"cue-track-artist\" itemprop=\"byArtist\"><\/span>\n\t\t\t\t<\/span>\n\n\t\t\t\t\n\t\t\t\t<span class=\"cue-track-length cue-track-cell\">2:47<\/span>\n\n\t\t\t\t\t\t\t<\/li>\n\t\t\t\t\t<li class=\"cue-track\" itemprop=\"track\" itemscope itemtype=\"http:\/\/schema.org\/MusicRecording\">\n\t\t\t\t\n\t\t\t\t<span class=\"cue-track-details cue-track-cell\">\n\t\t\t\t\t<span class=\"cue-track-title\" itemprop=\"name\">Eros Ramazzotti<\/span>\n\t\t\t\t\t<span class=\"cue-track-artist\" itemprop=\"byArtist\"><\/span>\n\t\t\t\t<\/span>\n\n\t\t\t\t\n\t\t\t\t<span class=\"cue-track-length cue-track-cell\">1:27<\/span>\n\n\t\t\t\t\t\t\t<\/li>\n\t\t\t\t\t<li class=\"cue-track\" itemprop=\"track\" itemscope itemtype=\"http:\/\/schema.org\/MusicRecording\">\n\t\t\t\t\n\t\t\t\t<span class=\"cue-track-details cue-track-cell\">\n\t\t\t\t\t<span class=\"cue-track-title\" itemprop=\"name\">La tradizione napoletana<\/span>\n\t\t\t\t\t<span class=\"cue-track-artist\" itemprop=\"byArtist\"><\/span>\n\t\t\t\t<\/span>\n\n\t\t\t\t\n\t\t\t\t<span class=\"cue-track-length cue-track-cell\">1:34<\/span>\n\n\t\t\t\t\t\t\t<\/li>\n\t\t\t\t\t<li class=\"cue-track\" itemprop=\"track\" itemscope itemtype=\"http:\/\/schema.org\/MusicRecording\">\n\t\t\t\t\n\t\t\t\t<span class=\"cue-track-details cue-track-cell\">\n\t\t\t\t\t<span class=\"cue-track-title\" itemprop=\"name\">Canzoni d'autore<\/span>\n\t\t\t\t\t<span class=\"cue-track-artist\" itemprop=\"byArtist\"><\/span>\n\t\t\t\t<\/span>\n\n\t\t\t\t\n\t\t\t\t<span class=\"cue-track-length cue-track-cell\">2:40<\/span>\n\n\t\t\t\t\t\t\t<\/li>\n\t\t\t\t\t<li class=\"cue-track\" itemprop=\"track\" itemscope itemtype=\"http:\/\/schema.org\/MusicRecording\">\n\t\t\t\t\n\t\t\t\t<span class=\"cue-track-details cue-track-cell\">\n\t\t\t\t\t<span class=\"cue-track-title\" itemprop=\"name\">Medley quando quando \/ Anema e core<\/span>\n\t\t\t\t\t<span class=\"cue-track-artist\" itemprop=\"byArtist\"><\/span>\n\t\t\t\t<\/span>\n\n\t\t\t\t\n\t\t\t\t<span class=\"cue-track-length cue-track-cell\">2:17<\/span>\n\n\t\t\t\t\t\t\t<\/li>\n\t\t\t\t\t<li class=\"cue-track\" itemprop=\"track\" itemscope itemtype=\"http:\/\/schema.org\/MusicRecording\">\n\t\t\t\t\n\t\t\t\t<span class=\"cue-track-details cue-track-cell\">\n\t\t\t\t\t<span class=\"cue-track-title\" itemprop=\"name\">Medley perdere l'amore \/ ancora<\/span>\n\t\t\t\t\t<span class=\"cue-track-artist\" itemprop=\"byArtist\"><\/span>\n\t\t\t\t<\/span>\n\n\t\t\t\t\n\t\t\t\t<span class=\"cue-track-length cue-track-cell\">2:42<\/span>\n\n\t\t\t\t\t\t\t<\/li>\n\t\t\t\t\t<li class=\"cue-track\" itemprop=\"track\" itemscope itemtype=\"http:\/\/schema.org\/MusicRecording\">\n\t\t\t\t\n\t\t\t\t<span class=\"cue-track-details cue-track-cell\">\n\t\t\t\t\t<span class=\"cue-track-title\" itemprop=\"name\">Canzoni romane<\/span>\n\t\t\t\t\t<span class=\"cue-track-artist\" itemprop=\"byArtist\"><\/span>\n\t\t\t\t<\/span>\n\n\t\t\t\t\n\t\t\t\t<span class=\"cue-track-length cue-track-cell\">3:06<\/span>\n\n\t\t\t\t\t\t\t<\/li>\n\t\t\t<\/ol>\n\n\t<\/div>\n\t\t<script type=\"application\/json\" class=\"cue-playlist-data\">{\"embed_link\":\"https:\\\/\\\/chanteur-italien.fr\\\/?cue_embed=2434&cue_theme=default\",\"permalink\":\"https:\\\/\\\/chanteur-italien.fr\\\/?cue_playlist=2434\",\"skin\":\"cue-skin-default\",\"thumbnail\":\"\",\"tracks\":[{\"artist\":\"\",\"artworkId\":2380,\"artworkUrl\":\"http:\\\/\\\/chanteur-italien.fr\\\/wp-content\\\/uploads\\\/2018\\\/11\\\/dom-crooner-300x300.jpg\",\"audioId\":39,\"audioUrl\":\"http:\\\/\\\/chanteur-italien.fr\\\/wp-content\\\/uploads\\\/2016\\\/01\\\/mix-musiche-attuali.mp3\",\"format\":\"mp3\",\"length\":\"2:47\",\"title\":\"Canzoni attuali\",\"order\":0,\"mp3\":\"http:\\\/\\\/chanteur-italien.fr\\\/wp-content\\\/uploads\\\/2016\\\/01\\\/mix-musiche-attuali.mp3\",\"meta\":{\"artist\":\"\",\"length_formatted\":\"2:47\"},\"src\":\"http:\\\/\\\/chanteur-italien.fr\\\/wp-content\\\/uploads\\\/2016\\\/01\\\/mix-musiche-attuali.mp3\",\"thumb\":{\"src\":\"http:\\\/\\\/chanteur-italien.fr\\\/wp-content\\\/uploads\\\/2018\\\/11\\\/dom-crooner-300x300.jpg\"}},{\"artist\":\"\",\"artworkId\":2278,\"artworkUrl\":\"http:\\\/\\\/chanteur-italien.fr\\\/wp-content\\\/uploads\\\/2016\\\/11\\\/dom-crooner2-300x300.jpg\",\"audioId\":43,\"audioUrl\":\"http:\\\/\\\/chanteur-italien.fr\\\/wp-content\\\/uploads\\\/2016\\\/01\\\/mix-eros-ramazzotti.mp3\",\"format\":\"mp3\",\"length\":\"1:27\",\"title\":\"Eros Ramazzotti\",\"order\":1,\"mp3\":\"http:\\\/\\\/chanteur-italien.fr\\\/wp-content\\\/uploads\\\/2016\\\/01\\\/mix-eros-ramazzotti.mp3\",\"meta\":{\"artist\":\"\",\"length_formatted\":\"1:27\"},\"src\":\"http:\\\/\\\/chanteur-italien.fr\\\/wp-content\\\/uploads\\\/2016\\\/01\\\/mix-eros-ramazzotti.mp3\",\"thumb\":{\"src\":\"http:\\\/\\\/chanteur-italien.fr\\\/wp-content\\\/uploads\\\/2016\\\/11\\\/dom-crooner2-300x300.jpg\"}},{\"artist\":\"\",\"artworkId\":2278,\"artworkUrl\":\"http:\\\/\\\/chanteur-italien.fr\\\/wp-content\\\/uploads\\\/2016\\\/11\\\/dom-crooner2-300x300.jpg\",\"audioId\":67,\"audioUrl\":\"http:\\\/\\\/chanteur-italien.fr\\\/wp-content\\\/uploads\\\/2016\\\/01\\\/medley-o-sarraceno-e-o-soldato.mp3\",\"format\":\"mp3\",\"length\":\"1:34\",\"title\":\"La tradizione napoletana\",\"order\":2,\"mp3\":\"http:\\\/\\\/chanteur-italien.fr\\\/wp-content\\\/uploads\\\/2016\\\/01\\\/medley-o-sarraceno-e-o-soldato.mp3\",\"meta\":{\"artist\":\"\",\"length_formatted\":\"1:34\"},\"src\":\"http:\\\/\\\/chanteur-italien.fr\\\/wp-content\\\/uploads\\\/2016\\\/01\\\/medley-o-sarraceno-e-o-soldato.mp3\",\"thumb\":{\"src\":\"http:\\\/\\\/chanteur-italien.fr\\\/wp-content\\\/uploads\\\/2016\\\/11\\\/dom-crooner2-300x300.jpg\"}},{\"artist\":\"\",\"artworkId\":2278,\"artworkUrl\":\"http:\\\/\\\/chanteur-italien.fr\\\/wp-content\\\/uploads\\\/2016\\\/11\\\/dom-crooner2-300x300.jpg\",\"audioId\":68,\"audioUrl\":\"http:\\\/\\\/chanteur-italien.fr\\\/wp-content\\\/uploads\\\/2016\\\/01\\\/Mi-sono-innamorato-di-te-.versione-corta.mp3\",\"format\":\"mp3\",\"length\":\"2:40\",\"title\":\"Canzoni d'autore\",\"order\":3,\"mp3\":\"http:\\\/\\\/chanteur-italien.fr\\\/wp-content\\\/uploads\\\/2016\\\/01\\\/Mi-sono-innamorato-di-te-.versione-corta.mp3\",\"meta\":{\"artist\":\"\",\"length_formatted\":\"2:40\"},\"src\":\"http:\\\/\\\/chanteur-italien.fr\\\/wp-content\\\/uploads\\\/2016\\\/01\\\/Mi-sono-innamorato-di-te-.versione-corta.mp3\",\"thumb\":{\"src\":\"http:\\\/\\\/chanteur-italien.fr\\\/wp-content\\\/uploads\\\/2016\\\/11\\\/dom-crooner2-300x300.jpg\"}},{\"artist\":\"\",\"artworkId\":2278,\"artworkUrl\":\"http:\\\/\\\/chanteur-italien.fr\\\/wp-content\\\/uploads\\\/2016\\\/11\\\/dom-crooner2-300x300.jpg\",\"audioId\":129,\"audioUrl\":\"http:\\\/\\\/chanteur-italien.fr\\\/wp-content\\\/uploads\\\/2016\\\/01\\\/medley-quando-quando-e-anema.mp3\",\"format\":\"mp3\",\"length\":\"2:17\",\"title\":\"Medley quando quando \\\/ Anema e core\",\"order\":4,\"mp3\":\"http:\\\/\\\/chanteur-italien.fr\\\/wp-content\\\/uploads\\\/2016\\\/01\\\/medley-quando-quando-e-anema.mp3\",\"meta\":{\"artist\":\"\",\"length_formatted\":\"2:17\"},\"src\":\"http:\\\/\\\/chanteur-italien.fr\\\/wp-content\\\/uploads\\\/2016\\\/01\\\/medley-quando-quando-e-anema.mp3\",\"thumb\":{\"src\":\"http:\\\/\\\/chanteur-italien.fr\\\/wp-content\\\/uploads\\\/2016\\\/11\\\/dom-crooner2-300x300.jpg\"}},{\"artist\":\"\",\"artworkId\":2278,\"artworkUrl\":\"http:\\\/\\\/chanteur-italien.fr\\\/wp-content\\\/uploads\\\/2016\\\/11\\\/dom-crooner2-300x300.jpg\",\"audioId\":139,\"audioUrl\":\"http:\\\/\\\/chanteur-italien.fr\\\/wp-content\\\/uploads\\\/2016\\\/01\\\/medley-perdere-lamore-e-ancora.mp3\",\"format\":\"mp3\",\"length\":\"2:42\",\"title\":\"Medley perdere l'amore \\\/ ancora\",\"order\":5,\"mp3\":\"http:\\\/\\\/chanteur-italien.fr\\\/wp-content\\\/uploads\\\/2016\\\/01\\\/medley-perdere-lamore-e-ancora.mp3\",\"meta\":{\"artist\":\"\",\"length_formatted\":\"2:42\"},\"src\":\"http:\\\/\\\/chanteur-italien.fr\\\/wp-content\\\/uploads\\\/2016\\\/01\\\/medley-perdere-lamore-e-ancora.mp3\",\"thumb\":{\"src\":\"http:\\\/\\\/chanteur-italien.fr\\\/wp-content\\\/uploads\\\/2016\\\/11\\\/dom-crooner2-300x300.jpg\"}},{\"artist\":\"\",\"artworkId\":2278,\"artworkUrl\":\"http:\\\/\\\/chanteur-italien.fr\\\/wp-content\\\/uploads\\\/2016\\\/11\\\/dom-crooner2-300x300.jpg\",\"audioId\":810,\"audioUrl\":\"http:\\\/\\\/chanteur-italien.fr\\\/wp-content\\\/uploads\\\/2016\\\/02\\\/chansons-romaines-2-1.mp3\",\"format\":\"mp3\",\"length\":\"3:06\",\"title\":\"Canzoni romane\",\"order\":6,\"mp3\":\"http:\\\/\\\/chanteur-italien.fr\\\/wp-content\\\/uploads\\\/2016\\\/02\\\/chansons-romaines-2-1.mp3\",\"meta\":{\"artist\":\"\",\"length_formatted\":\"3:06\"},\"src\":\"http:\\\/\\\/chanteur-italien.fr\\\/wp-content\\\/uploads\\\/2016\\\/02\\\/chansons-romaines-2-1.mp3\",\"thumb\":{\"src\":\"http:\\\/\\\/chanteur-italien.fr\\\/wp-content\\\/uploads\\\/2016\\\/11\\\/dom-crooner2-300x300.jpg\"}}]}<\/script>\n\t\t<\/div>\n","protected":false},"excerpt":{"rendered":"<p>Chanteur \u00e0 la\u00a0voix\u00a0envo\u00fbtante \u00a0qui respire toute l\u2019Italie ! Dom Battaglia est n\u00e9 en Italie o\u00f9 il\u00a0a fait toute sa formation musicale et\u00a0obtenu\u00a0le\u00a0dipl\u00f4me\u00a0du conservatoire de musique \u00a0de Cosenza en 1994. Chanteur, saxophoniste, pianiste, Dom vous propose des concerts et diff\u00e9rents\u00a0types de prestations \u00e0 l\u2019accent italien ! Chansons traditionnelles et chansons actuelles&#8230;<\/p>\n","protected":false},"author":1,"featured_media":0,"parent":0,"menu_order":0,"comment_status":"closed","ping_status":"closed","template":"","meta":{"_monsterinsights_skip_tracking":false,"_monsterinsights_sitenote_active":false,"_monsterinsights_sitenote_note":"","_monsterinsights_sitenote_category":0,"footnotes":""},"_links":{"self":[{"href":"https:\/\/chanteur-italien.fr\/index.php\/wp-json\/wp\/v2\/pages\/2363"}],"collection":[{"href":"https:\/\/chanteur-italien.fr\/index.php\/wp-json\/wp\/v2\/pages"}],"about":[{"href":"https:\/\/chanteur-italien.fr\/index.php\/wp-json\/wp\/v2\/types\/page"}],"author":[{"embeddable":true,"href":"https:\/\/chanteur-italien.fr\/index.php\/wp-json\/wp\/v2\/users\/1"}],"replies":[{"embeddable":true,"href":"https:\/\/chanteur-italien.fr\/index.php\/wp-json\/wp\/v2\/comments?post=2363"}],"version-history":[{"count":25,"href":"https:\/\/chanteur-italien.fr\/index.php\/wp-json\/wp\/v2\/pages\/2363\/revisions"}],"predecessor-version":[{"id":3053,"href":"https:\/\/chanteur-italien.fr\/index.php\/wp-json\/wp\/v2\/pages\/2363\/revisions\/3053"}],"wp:attachment":[{"href":"https:\/\/chanteur-italien.fr\/index.php\/wp-json\/wp\/v2\/media?parent=2363"}],"curies":[{"name":"wp","href":"https:\/\/api.w.org\/{rel}","templated":true}]}}