{"id":2403,"date":"2018-11-28T22:34:17","date_gmt":"2018-11-28T21:34:17","guid":{"rendered":"http:\/\/chanteur-italien.fr\/?page_id=2403"},"modified":"2019-04-28T08:58:07","modified_gmt":"2019-04-28T07:58:07","slug":"trio-orchestre-2","status":"publish","type":"page","link":"https:\/\/chanteur-italien.fr\/index.php\/trio-orchestre-2\/","title":{"rendered":"Trio Anema e Core"},"content":{"rendered":"<h1><span style=\"color: #000000; font-family: FolksLightRegular; font-size: 15px; font-weight: bold;\"><img loading=\"lazy\" decoding=\"async\" class=\"wp-image-2446 alignnone\" src=\"http:\/\/chanteur-italien.fr\/wp-content\/uploads\/2018\/11\/trio-anema-e-core.ottimizzata.jpg\" alt=\"Trio orchestre italien\" width=\"400\" height=\"313\" srcset=\"https:\/\/chanteur-italien.fr\/wp-content\/uploads\/2018\/11\/trio-anema-e-core.ottimizzata.jpg 500w, https:\/\/chanteur-italien.fr\/wp-content\/uploads\/2018\/11\/trio-anema-e-core.ottimizzata-50x39.jpg 50w\" sizes=\"(max-width: 400px) 100vw, 400px\" \/><\/span><span style=\"font-family: FolksLightRegular; font-size: 15px;\"><br \/>\n<\/span><\/h1>\n<h3>Cette formation marie le traditionnel aux nouveaux styles Latino, Pop, Groove, Jazz&#8230;<\/h3>\n<h3>On s\u2019est amus\u00e9s \u00e0 travailler certaines chansons pour pouvoir vous les proposer dans un \u00a0style compl\u00e8tement diff\u00e9rent de la version originale.<\/h3>\n<h3>Et puis quel r\u00e9gal \u00e0 \u00e9crire des arrangements de saxophone! Tout Cela dans le but de vous pr\u00e9senter un autre cot\u00e9 de la musique italienne.<\/h3>\n<h2><\/h2>\n<h2><\/h2>\n<p>&nbsp;<\/p>\n<p>&nbsp;<\/p>\n<div class=\"embed-container\"><iframe loading=\"lazy\" style=\"margin: 0 auto;\" src=\"https:\/\/www.youtube.com\/embed\/\/-z5LFt9_j7s\" width=\"575&quot;\" height=\"323\" frameborder=\"0\" allowfullscreen=\"allowfullscreen\"><\/iframe><\/div>\n","protected":false},"excerpt":{"rendered":"<p>Cette formation marie le traditionnel aux nouveaux styles Latino, Pop, Groove, Jazz&#8230; On s\u2019est amus\u00e9s \u00e0 travailler certaines chansons pour pouvoir vous les proposer dans un \u00a0style compl\u00e8tement diff\u00e9rent de la version originale. Et puis quel r\u00e9gal \u00e0 \u00e9crire des arrangements de saxophone! Tout Cela dans le but de vous&#8230;<\/p>\n","protected":false},"author":1,"featured_media":0,"parent":0,"menu_order":0,"comment_status":"closed","ping_status":"closed","template":"","meta":{"_monsterinsights_skip_tracking":false,"_monsterinsights_sitenote_active":false,"_monsterinsights_sitenote_note":"","_monsterinsights_sitenote_category":0,"footnotes":""},"_links":{"self":[{"href":"https:\/\/chanteur-italien.fr\/index.php\/wp-json\/wp\/v2\/pages\/2403"}],"collection":[{"href":"https:\/\/chanteur-italien.fr\/index.php\/wp-json\/wp\/v2\/pages"}],"about":[{"href":"https:\/\/chanteur-italien.fr\/index.php\/wp-json\/wp\/v2\/types\/page"}],"author":[{"embeddable":true,"href":"https:\/\/chanteur-italien.fr\/index.php\/wp-json\/wp\/v2\/users\/1"}],"replies":[{"embeddable":true,"href":"https:\/\/chanteur-italien.fr\/index.php\/wp-json\/wp\/v2\/comments?post=2403"}],"version-history":[{"count":35,"href":"https:\/\/chanteur-italien.fr\/index.php\/wp-json\/wp\/v2\/pages\/2403\/revisions"}],"predecessor-version":[{"id":2724,"href":"https:\/\/chanteur-italien.fr\/index.php\/wp-json\/wp\/v2\/pages\/2403\/revisions\/2724"}],"wp:attachment":[{"href":"https:\/\/chanteur-italien.fr\/index.php\/wp-json\/wp\/v2\/media?parent=2403"}],"curies":[{"name":"wp","href":"https:\/\/api.w.org\/{rel}","templated":true}]}}