{"id":2802,"date":"2019-05-17T12:11:35","date_gmt":"2019-05-17T11:11:35","guid":{"rendered":"https:\/\/chanteur-italien.fr\/?page_id=2802"},"modified":"2019-05-20T10:00:07","modified_gmt":"2019-05-20T09:00:07","slug":"promotion-de-la-langue-italienne","status":"publish","type":"page","link":"https:\/\/chanteur-italien.fr\/index.php\/promotion-de-la-langue-italienne\/","title":{"rendered":"Promotion de la langue italienne dans les coll\u00e8ges et lyc\u00e9es"},"content":{"rendered":"<h1>Page pour la promotion de la langue italienne dans les coll\u00e8ges et lyc\u00e9es.<\/h1>\n<p>&nbsp;<\/p>\n<h3>L\u2019APPRENTISSAGE DE L\u2019ITALIEN PASSE AUSSI PAR LA MUSIQUE\u00a0!<\/h3>\n<h4>J\u2019ai cr\u00e9e cette page afin d\u2019inciter le personnel enseignant des coll\u00e8ges et des lyc\u00e9es \u00e0 organiser dans la cour de leur \u00e9tablissement une matin\u00e9e de chansons italiennes. Proposer un concert dont le but est de faire d\u00e9couvrir \u00e0 tous les \u00e9l\u00e8ves, italianistes ou non, la beaut\u00e9 de la langue italienne.<\/h4>\n<h4>Dans certains \u00e9tablissements il n\u2019y a pas d\u2019enseignement d\u2019italien\u00a0! Les principaux et les proviseurs de ces \u00e9tablissements qui aiment notre langue et qui souhaiteraient mettre en place des cours d\u2019italiens \u00a0dans leur coll\u00e8ge ou lyc\u00e9e, auront l\u2019opportunit\u00e9 avec ce type d\u2019\u00e9v\u00e9nement, de susciter la curiosit\u00e9 et peut \u00eatre donner l\u2019envie \u00e0 certaines \u00e9l\u00e8ves d\u2019apprendre l\u2019italien.et \u00a0faire en sorte qu\u2019il y ait de la demande pour cette langue.<\/h4>\n<h4>Il y a beaucoup de personnes d\u2019origine italienne en France qui ne peuvent pas inscrire leurs enfants parce que trop peu d\u2019\u00e9tablissements proposent cet enseignement. Mon fils fait partie de ces \u00e9l\u00e8ves qui sont oblig\u00e9s de suivre des cours par correspondance ( Cned) .<\/h4>\n<h4>J\u2019ai pu effectuer le Jeudi 16 mai un \u00a0concert de chansons italiennes au Lyc\u00e9e Charlie Chaplin de D\u00e9cines. Organis\u00e9 par la prof d\u2019italien Madame Mavridis et appuy\u00e9 par son proviseur Monsieur Laposse, la matin\u00e9e musicale a \u00e9t\u00e9 un succ\u00e8s\u00a0! Beaucoup d\u2019\u00e9l\u00e8ves se sont rassembl\u00e9s pour assister au concert et certains m\u00eame ont pu participer en chanson.<\/h4>\n<h4>La classe de Madame Mavridis a chant\u00e9 2 chansons tandis que la classe de la chorale du coll\u00e8ge Olivier de Serres de Meyzieu , invit\u00e9e pour l\u2019occasion, \u00a0a vocalis\u00e9 la canzone del partigiano.<\/h4>\n<h4>Parce que l\u2019apprentissage d\u2019une langue passe aussi par la chanson, J\u2019esp\u00e8re pouvoir \u00a0porter ma contribution \u00e0 la diffusion de notre belle langue dans les \u00e9coles.<\/h4>\n<h4><\/h4>\n<h4>Pour plus de renseignements merci de me \u00a0contacter au 06 99 27 32 13 ou par mail\u00a0: domebatt@yahoo.fr<\/h4>\n<h4>Je vous remercie<\/h4>\n<h4><\/h4>\n<p>&nbsp;<\/p>\n<p><img loading=\"lazy\" decoding=\"async\" class=\"alignright size-full wp-image-2808\" src=\"https:\/\/chanteur-italien.fr\/wp-content\/uploads\/2019\/05\/20190516_131426.2.jpg\" alt=\"Promotion de la langue italienne dans les coll\u00e8ges et lyc\u00e9es\" width=\"4032\" height=\"3024\" srcset=\"https:\/\/chanteur-italien.fr\/wp-content\/uploads\/2019\/05\/20190516_131426.2.jpg 4032w, https:\/\/chanteur-italien.fr\/wp-content\/uploads\/2019\/05\/20190516_131426.2-50x38.jpg 50w, https:\/\/chanteur-italien.fr\/wp-content\/uploads\/2019\/05\/20190516_131426.2-500x375.jpg 500w\" sizes=\"(max-width: 4032px) 100vw, 4032px\" \/><\/p>\n<h3><img loading=\"lazy\" decoding=\"async\" class=\"alignright size-full wp-image-2807\" src=\"https:\/\/chanteur-italien.fr\/wp-content\/uploads\/2019\/05\/20190516_130720.2.jpg\" alt=\"Promotion de la langue italienne dans les coll\u00e8ges et lyc\u00e9es\" width=\"4000\" height=\"1053\" srcset=\"https:\/\/chanteur-italien.fr\/wp-content\/uploads\/2019\/05\/20190516_130720.2.jpg 4000w, https:\/\/chanteur-italien.fr\/wp-content\/uploads\/2019\/05\/20190516_130720.2-50x13.jpg 50w, https:\/\/chanteur-italien.fr\/wp-content\/uploads\/2019\/05\/20190516_130720.2-500x132.jpg 500w\" sizes=\"(max-width: 4000px) 100vw, 4000px\" \/><\/h3>\n<h1><\/h1>\n<p>&nbsp;<\/p>\n<h3 style=\"color: #333333; font-style: normal; text-align: center;\">Article du PROGR\u00c8S du 19 mai 2019<\/h3>\n<p>&nbsp;<\/p>\n<p><img loading=\"lazy\" decoding=\"async\" class=\"alignright size-full wp-image-2834\" src=\"https:\/\/chanteur-italien.fr\/wp-content\/uploads\/2019\/05\/article-du-pregres-concert-lyc\u00e9e-1.jpg\" alt=\"concert Lyc\u00e9e Charlie Chaplin\" width=\"732\" height=\"1238\" srcset=\"https:\/\/chanteur-italien.fr\/wp-content\/uploads\/2019\/05\/article-du-pregres-concert-lyc\u00e9e-1.jpg 732w, https:\/\/chanteur-italien.fr\/wp-content\/uploads\/2019\/05\/article-du-pregres-concert-lyc\u00e9e-1-30x50.jpg 30w, https:\/\/chanteur-italien.fr\/wp-content\/uploads\/2019\/05\/article-du-pregres-concert-lyc\u00e9e-1-500x846.jpg 500w\" sizes=\"(max-width: 732px) 100vw, 732px\" \/><\/p>\n<p>&nbsp;<\/p>\n<p>&nbsp;<\/p>\n<p>&nbsp;<\/p>\n<p>&nbsp;<\/p>\n<p>&nbsp;<\/p>\n<p>&nbsp;<\/p>\n<p>&nbsp;<\/p>\n<p>&nbsp;<\/p>\n<p>&nbsp;<\/p>\n<p>&nbsp;<\/p>\n<p>&nbsp;<\/p>\n<p>&nbsp;<\/p>\n<p>&nbsp;<\/p>\n<p>&nbsp;<\/p>\n<p>&nbsp;<\/p>\n<p>&nbsp;<\/p>\n<p>&nbsp;<\/p>\n<p>&nbsp;<\/p>\n<p>&nbsp;<\/p>\n<p>&nbsp;<\/p>\n<p>&nbsp;<\/p>\n<p>&nbsp;<\/p>\n<p>&nbsp;<\/p>\n<p>&nbsp;<\/p>\n<p>&nbsp;<\/p>\n<p>&nbsp;<\/p>\n<p>&nbsp;<\/p>\n<p>&nbsp;<\/p>\n<p>&nbsp;<\/p>\n<p>&nbsp;<\/p>\n<p>&nbsp;<\/p>\n<p>&nbsp;<\/p>\n<p>&nbsp;<\/p>\n<p>&nbsp;<\/p>\n<p>&nbsp;<\/p>\n<p>&nbsp;<\/p>\n<p>&nbsp;<\/p>\n<h4><a href=\"http:\/\/www.lyceecharliechaplin.com\/\">http:\/\/www.lyceecharliechaplin.com\/<\/a><\/h4>\n<p>&nbsp;<\/p>\n<p>&nbsp;<\/p>\n<h5><a href=\"https:\/\/jazz-cocktail.fr\/\">https:\/\/jazz-cocktail.fr\/<\/a><\/h5>\n<h5><a href=\"https:\/\/kimemy.com\/\">https:\/\/kimemy.com\/<\/a><\/h5>\n","protected":false},"excerpt":{"rendered":"<p>Page pour la promotion de la langue italienne dans les coll\u00e8ges et lyc\u00e9es. &nbsp; L\u2019APPRENTISSAGE DE L\u2019ITALIEN PASSE AUSSI PAR LA MUSIQUE\u00a0! J\u2019ai cr\u00e9e cette page afin d\u2019inciter le personnel enseignant des coll\u00e8ges et des lyc\u00e9es \u00e0 organiser dans la cour de leur \u00e9tablissement une matin\u00e9e de chansons italiennes. Proposer&#8230;<\/p>\n","protected":false},"author":1,"featured_media":0,"parent":0,"menu_order":0,"comment_status":"closed","ping_status":"closed","template":"","meta":{"_monsterinsights_skip_tracking":false,"_monsterinsights_sitenote_active":false,"_monsterinsights_sitenote_note":"","_monsterinsights_sitenote_category":0,"footnotes":""},"_links":{"self":[{"href":"https:\/\/chanteur-italien.fr\/index.php\/wp-json\/wp\/v2\/pages\/2802"}],"collection":[{"href":"https:\/\/chanteur-italien.fr\/index.php\/wp-json\/wp\/v2\/pages"}],"about":[{"href":"https:\/\/chanteur-italien.fr\/index.php\/wp-json\/wp\/v2\/types\/page"}],"author":[{"embeddable":true,"href":"https:\/\/chanteur-italien.fr\/index.php\/wp-json\/wp\/v2\/users\/1"}],"replies":[{"embeddable":true,"href":"https:\/\/chanteur-italien.fr\/index.php\/wp-json\/wp\/v2\/comments?post=2802"}],"version-history":[{"count":30,"href":"https:\/\/chanteur-italien.fr\/index.php\/wp-json\/wp\/v2\/pages\/2802\/revisions"}],"predecessor-version":[{"id":2840,"href":"https:\/\/chanteur-italien.fr\/index.php\/wp-json\/wp\/v2\/pages\/2802\/revisions\/2840"}],"wp:attachment":[{"href":"https:\/\/chanteur-italien.fr\/index.php\/wp-json\/wp\/v2\/media?parent=2802"}],"curies":[{"name":"wp","href":"https:\/\/api.w.org\/{rel}","templated":true}]}}