{"id":3086,"date":"2026-04-10T08:48:07","date_gmt":"2026-04-10T07:48:07","guid":{"rendered":"https:\/\/chanteur-italien.fr\/?page_id=3086"},"modified":"2026-04-10T09:05:36","modified_gmt":"2026-04-10T08:05:36","slug":"chanteur-du-film-une-fille-en-or","status":"publish","type":"page","link":"https:\/\/chanteur-italien.fr\/index.php\/chanteur-du-film-une-fille-en-or\/","title":{"rendered":"Chanteur du film \u00a0\u00bb Une fille en or\u00a0\u00bb"},"content":{"rendered":"\n<p class=\"has-black-color has-text-color has-link-color has-medium-font-size wp-elements-2fb2f63252180db0cbe43a07941d37d4\"># Chanteur Italien<\/p>\n\n\n\n<p class=\"has-black-color has-text-color has-link-color has-medium-font-size wp-elements-efe99cf7d7d5db51b814b7dfc2f85617\">## Bienvenue dans mon univers musical<\/p>\n\n\n\n<p class=\"has-black-color has-text-color has-link-color has-medium-font-size wp-elements-bd345f08d4b4812105b0bb499f2b8284\">Je suis heureux de vous accueillir sur mon site officiel, un espace d\u00e9di\u00e9 \u00e0 ma passion pour la musique, la sc\u00e8ne et les \u00e9motions que je partage \u00e0 travers ma voix.<\/p>\n\n\n\n<p class=\"has-black-color has-text-color has-link-color has-medium-font-size wp-elements-a5dfb45ac73f31b0c481e68da687eb17\">J\u2019ai l\u2019immense plaisir de vous annoncer que je suis **l\u2019un des chanteurs du film _Une fille en or_**, qui sera **dans les salles de cin\u00e9ma \u00e0 partir du 15 avril 2026**.<\/p>\n\n\n\n<p class=\"has-black-color has-text-color has-link-color has-medium-font-size wp-elements-5219673c090e660056f7d7e16838d900\">C\u2019est un grand honneur pour moi de participer \u00e0 cette magnifique aventure artistique et de pr\u00eater ma voix \u00e0 un projet cin\u00e9matographique aussi exceptionnel.<\/p>\n\n\n\n<p class=\"has-black-color has-text-color has-link-color has-medium-font-size wp-elements-cd84b40f31ed9ef3e87931a21bd85b5f\">Je vous invite \u00e0 d\u00e9couvrir le film au cin\u00e9ma d\u00e8s sa sortie et \u00e0 suivre mon actualit\u00e9 musicale ici sur le site.<\/p>\n\n\n\n<p class=\"has-black-color has-text-color has-link-color has-medium-font-size wp-elements-a603cd290f11e66f4a7b96c59f33cf95\">Merci pour votre soutien et votre fid\u00e9lit\u00e9.<\/p>\n\n\n\n<p class=\"has-black-color has-text-color has-link-color has-medium-font-size wp-elements-4df0a5049df08ae89e8aae6e9af49ad7\">Avec toute ma passion,<\/p>\n\n\n\n<p class=\"has-black-color has-text-color has-link-color has-medium-font-size wp-elements-5e66f5a3d0e60b635d4d0a77f45c96c2\">**Chanteur Italien**<\/p>\n\n\n\n<figure class=\"wp-block-gallery has-nested-images columns-default is-cropped wp-block-gallery-1 is-layout-flex wp-block-gallery-is-layout-flex\"><\/figure>\n","protected":false},"excerpt":{"rendered":"<p># Chanteur Italien ## Bienvenue dans mon univers musical Je suis heureux de vous accueillir sur mon site officiel, un espace d\u00e9di\u00e9 \u00e0 ma passion pour la musique, la sc\u00e8ne et les \u00e9motions que je partage \u00e0 travers ma voix. J\u2019ai l\u2019immense plaisir de vous annoncer que je suis **l\u2019un&#8230;<\/p>\n","protected":false},"author":1,"featured_media":0,"parent":0,"menu_order":0,"comment_status":"closed","ping_status":"closed","template":"","meta":{"_monsterinsights_skip_tracking":false,"_monsterinsights_sitenote_active":false,"_monsterinsights_sitenote_note":"","_monsterinsights_sitenote_category":0,"footnotes":""},"_links":{"self":[{"href":"https:\/\/chanteur-italien.fr\/index.php\/wp-json\/wp\/v2\/pages\/3086"}],"collection":[{"href":"https:\/\/chanteur-italien.fr\/index.php\/wp-json\/wp\/v2\/pages"}],"about":[{"href":"https:\/\/chanteur-italien.fr\/index.php\/wp-json\/wp\/v2\/types\/page"}],"author":[{"embeddable":true,"href":"https:\/\/chanteur-italien.fr\/index.php\/wp-json\/wp\/v2\/users\/1"}],"replies":[{"embeddable":true,"href":"https:\/\/chanteur-italien.fr\/index.php\/wp-json\/wp\/v2\/comments?post=3086"}],"version-history":[{"count":7,"href":"https:\/\/chanteur-italien.fr\/index.php\/wp-json\/wp\/v2\/pages\/3086\/revisions"}],"predecessor-version":[{"id":3105,"href":"https:\/\/chanteur-italien.fr\/index.php\/wp-json\/wp\/v2\/pages\/3086\/revisions\/3105"}],"wp:attachment":[{"href":"https:\/\/chanteur-italien.fr\/index.php\/wp-json\/wp\/v2\/media?parent=3086"}],"curies":[{"name":"wp","href":"https:\/\/api.w.org\/{rel}","templated":true}]}}