{"id":987,"date":"2016-03-26T19:24:13","date_gmt":"2016-03-26T18:24:13","guid":{"rendered":"http:\/\/chanteur-italien.fr\/?page_id=987"},"modified":"2016-10-04T23:07:51","modified_gmt":"2016-10-04T22:07:51","slug":"partenaires","status":"publish","type":"page","link":"https:\/\/chanteur-italien.fr\/index.php\/partenaires\/","title":{"rendered":"Partenaires"},"content":{"rendered":"<h2><\/h2>\n<h2 style=\"text-align: center;\">Groupe musical pour c\u00e9r\u00e9monies de mariages et cocktails<\/h2>\n<h2 style=\"text-align: center;\">Kimemy<\/h2>\n<p><a href=\"http:\/\/kimemy.com\/\" target=\"_blank\"><img loading=\"lazy\" decoding=\"async\" class=\"wp-image-1021 size-full aligncenter\" src=\"http:\/\/chanteur-italien.fr\/wp-content\/uploads\/2016\/03\/foto-tagliata-e1461105098982.jpg\" alt=\"Groupe musical pour c\u00e9r\u00e9monies et mariages sur Lyon\" width=\"200\" height=\"95\" \/><\/a><\/p>\n<h2 style=\"text-align: center;\"><\/h2>\n<h2 style=\"text-align: center;\"><\/h2>\n<h2 style=\"text-align: center;\"><\/h2>\n<h2 style=\"text-align: center;\"><\/h2>\n<h2 style=\"text-align: center;\"><\/h2>\n<h2 style=\"text-align: center;\"><\/h2>\n<h2 style=\"text-align: center;\"><\/h2>\n<h2 style=\"text-align: center;\"><\/h2>\n<h2 style=\"text-align: center;\"><\/h2>\n<h2 style=\"text-align: center;\">Groupe musical pour cocktails de mariages et entreprises<\/h2>\n<h2 style=\"text-align: center;\">Jazz cocktail<\/h2>\n<p><a href=\"http:\/\/jazz-cocktail.fr\/\" target=\"_blank\"><img loading=\"lazy\" decoding=\"async\" class=\"aligncenter wp-image-1147\" src=\"http:\/\/chanteur-italien.fr\/wp-content\/uploads\/2016\/03\/foto-bicchieri-cocktail2.jpg\" alt=\"Jazz cocktail Lyon\" width=\"203\" height=\"103\" \/><\/a><\/p>\n<p>&nbsp;<\/p>\n<p>&nbsp;<\/p>\n<p>Le bon mot cl\u00e9<\/p>\n<p>Orchestre italienne Is\u00e8re, Rh\u00f4ne, Ain.Orchestre italienne Is\u00e8re, Rh\u00f4ne, Ain.Orchestre italienne Is\u00e8re, Rh\u00f4ne, Ain.Orchestre italienne Is\u00e8re, Rh\u00f4ne, Ain.Orchestre italienne Is\u00e8re, Rh\u00f4ne, Ain.Orchestre italienne Is\u00e8re, Rh\u00f4ne, Ain.Orchestre italienne Is\u00e8re, Rh\u00f4ne, Ain.Orchestre italienne Is\u00e8re, Rh\u00f4ne, Ain.Orchestre italienne Is\u00e8re, Rh\u00f4ne, Ain.Orchestre italienne Is\u00e8re, Rh\u00f4ne, Ain.Orchestre italienne Is\u00e8re, Rh\u00f4ne, Ain.Orchestre italienne Is\u00e8re, Rh\u00f4ne, Ain.Orchestre italienne Is\u00e8re, Rh\u00f4ne, Ain.Orchestre italienne Is\u00e8re, Rh\u00f4ne, Ain.Orchestre italienne Is\u00e8re, Rh\u00f4ne, Ain.Orchestre italienne Is\u00e8re, Rh\u00f4ne, Ain.Orchestre italienne Is\u00e8re, Rh\u00f4ne, Ain.Orchestre italienne Is\u00e8re, Rh\u00f4ne, Ain.<\/p>\n","protected":false},"excerpt":{"rendered":"<p>Groupe musical pour c\u00e9r\u00e9monies de mariages et cocktails Kimemy Groupe musical pour cocktails de mariages et entreprises Jazz cocktail &nbsp; &nbsp; Le bon mot cl\u00e9 Orchestre italienne Is\u00e8re, Rh\u00f4ne, Ain.Orchestre italienne Is\u00e8re, Rh\u00f4ne, Ain.Orchestre italienne Is\u00e8re, Rh\u00f4ne, Ain.Orchestre italienne Is\u00e8re, Rh\u00f4ne, Ain.Orchestre italienne Is\u00e8re, Rh\u00f4ne, Ain.Orchestre italienne Is\u00e8re, Rh\u00f4ne, Ain.Orchestre&#8230;<\/p>\n","protected":false},"author":1,"featured_media":0,"parent":0,"menu_order":0,"comment_status":"closed","ping_status":"closed","template":"","meta":{"_monsterinsights_skip_tracking":false,"_monsterinsights_sitenote_active":false,"_monsterinsights_sitenote_note":"","_monsterinsights_sitenote_category":0,"footnotes":""},"_links":{"self":[{"href":"https:\/\/chanteur-italien.fr\/index.php\/wp-json\/wp\/v2\/pages\/987"}],"collection":[{"href":"https:\/\/chanteur-italien.fr\/index.php\/wp-json\/wp\/v2\/pages"}],"about":[{"href":"https:\/\/chanteur-italien.fr\/index.php\/wp-json\/wp\/v2\/types\/page"}],"author":[{"embeddable":true,"href":"https:\/\/chanteur-italien.fr\/index.php\/wp-json\/wp\/v2\/users\/1"}],"replies":[{"embeddable":true,"href":"https:\/\/chanteur-italien.fr\/index.php\/wp-json\/wp\/v2\/comments?post=987"}],"version-history":[{"count":22,"href":"https:\/\/chanteur-italien.fr\/index.php\/wp-json\/wp\/v2\/pages\/987\/revisions"}],"predecessor-version":[{"id":1517,"href":"https:\/\/chanteur-italien.fr\/index.php\/wp-json\/wp\/v2\/pages\/987\/revisions\/1517"}],"wp:attachment":[{"href":"https:\/\/chanteur-italien.fr\/index.php\/wp-json\/wp\/v2\/media?parent=987"}],"curies":[{"name":"wp","href":"https:\/\/api.w.org\/{rel}","templated":true}]}}